{"id":4626,"date":"2021-03-24T08:11:12","date_gmt":"2021-03-24T07:11:12","guid":{"rendered":"https:\/\/www.eghv-suedpfalz.de\/?page_id=4626"},"modified":"2025-12-17T10:51:15","modified_gmt":"2025-12-17T09:51:15","slug":"bwf","status":"publish","type":"page","link":"https:\/\/www.eghv-suedpfalz.de\/de-ld\/bwf\/","title":{"rendered":"Betreutes Wohnen in Gastfamilien"},"content":{"rendered":"<p>&nbsp;<img loading=\"lazy\" decoding=\"async\" class=\"alignnone size-medium wp-image-4630\" src=\"https:\/\/www.eghv-suedpfalz.de\/wp-content\/uploads\/2021\/03\/Header-BWF.png\" alt=\"\" width=\"793\" height=\"200\" srcset=\"https:\/\/www.eghv-suedpfalz.de\/wp-content\/uploads\/2021\/03\/Header-BWF.png 793w, https:\/\/www.eghv-suedpfalz.de\/wp-content\/uploads\/2021\/03\/Header-BWF-768x194.png 768w\" sizes=\"auto, (max-width: 793px) 100vw, 793px\"><\/p>\n<p>&nbsp;<\/p>\n<p><strong>Was ist BWF?&hellip;&hellip;&hellip;&hellip;&hellip;&hellip;&hellip;&hellip;&hellip;&hellip;&hellip;&hellip;&hellip;&hellip;&hellip;&hellip;&hellip;&hellip;&hellip;&hellip;&hellip;&hellip;&hellip;&hellip;&hellip;&hellip;&hellip;&hellip;&hellip;&hellip;&hellip;&hellip;&hellip;&hellip;&hellip;.<\/strong><\/p>\n<p>BWF ist eine besondere Betreuungs- und Wohnform f&uuml;r erwachsene Menschen, die wegen einer Behinderung Unterst&uuml;tzung bei der Bew&auml;ltigung des Alltags ben&ouml;tigen.<\/p>\n<p>Es kann im Einzelfall eine passende Unterst&uuml;tzung f&uuml;r die <a href=\"https:\/\/www.eghv-suedpfalz.de\/de-ld\/glossar\/teilhabe\/\" target=\"_self\" title=\"Teilhabe hei&szlig;t: Menschen mit Behinderung k&ouml;nnen &uuml;berall mitmachen.\" class=\"encyclopedia\">Teilhabe<\/a> von Menschen mit seelischer, geistiger, k&ouml;rperlicher oder mehrfacher Behinderung sein, sofern das Leben in einer Gastfamilie von dem betroffenen Menschen mit Behinderung gew&uuml;nscht wird und eine geeignete Form der Hilfe darstellt.<\/p>\n<p>&nbsp;<\/p>\n<p><strong>Wie lange dauert BWF?&hellip;&hellip;&hellip;&hellip;&hellip;&hellip;&hellip;&hellip;&hellip;&hellip;&hellip;&hellip;&hellip;&hellip;&hellip;&hellip;&hellip;&hellip;&hellip;&hellip;&hellip;&hellip;&hellip;&hellip;&hellip;&hellip;&hellip;&hellip;&hellip;&hellip;<\/strong><\/p>\n<p>BWF kann sowohl als kurz-, mittel- und langfristige Unterst&uuml;tzungsform genutzt werden. Als kurz- oder mittelfristige Betreuungs- und Wohnform kann BWF dazu dienen, dass KlientInnen (h&auml;ufig junge Erwachsene) sich stabilisieren und erstmals oder erneut eigene Selbstst&auml;ndigkeit erlangen.<\/p>\n<p>&nbsp;<\/p>\n<p><strong>Wer kann Gastfamilie werden?&hellip;&hellip;&hellip;&hellip;&hellip;&hellip;&hellip;&hellip;&hellip;&hellip;&hellip;&hellip;&hellip;&hellip;&hellip;&hellip;&hellip;&hellip;&hellip;&hellip;&hellip;&hellip;&hellip;&hellip;&hellip;&hellip;<\/strong><\/p>\n<p>Prinzipiell jede und jeder! Ob Familie, Paare, Alleinstehende, j&uuml;ngere\/&auml;ltere Menschen.<\/p>\n<p>Hier gibt es den Grundsatz: Es muss zwischen Gast und Gastfamilie passen.<\/p>\n<p>Unterhaltspflichtige Personen der Menschen mit Behinderungen (Ehe- oder Lebenspartner\/innen und Verwandte in gerader Linie) k&ouml;nnen <strong><u>nicht<\/u><\/strong> als Gastfamilie fungieren. Andere Verwandtschaftsgrade sind aber m&ouml;glich, z.B. Geschwister.<\/p>\n<p>&nbsp;<\/p>\n<p><strong>Wird man begleitet?&hellip;&hellip;&hellip;&hellip;&hellip;&hellip;&hellip;&hellip;&hellip;&hellip;&hellip;&hellip;&hellip;&hellip;&hellip;&hellip;&hellip;&hellip;&hellip;&hellip;&hellip;&hellip;&hellip;&hellip;&hellip;&hellip;&hellip;&hellip;&hellip;&hellip;&hellip;..<\/strong><\/p>\n<p>Es gibt ein BWF Fachteam.<\/p>\n<p>Aufgaben des Fachteams:<\/p>\n<ul>\n<li>Passgenaue Auswahl und Vermittlung von Mensch mit Behinderung zu Gastfamilie und ggf. zu Urlaubs- oder Vertretungsgastfamilie<\/li>\n<li>Coaching und Qualifizierung der Gastfamilie durch kontinuierliche pers&ouml;nliche Beratung, Begleitung, Hausbesuche und Unterst&uuml;tzung<\/li>\n<li>Schnelle Unterst&uuml;tzung in Krisensituationen<\/li>\n<li>&Uuml;bernahme einzelner Assistenzleistung f&uuml;r den Menschen mit Behinderung im Ausnahmefall oder in bestimmten festgelegten Regelf&auml;llen<\/li>\n<\/ul>\n<p>Das <strong>BWF Fachteam<\/strong> steht bei allen Fragen unterst&uuml;tzend zur Seite.<\/p>\n<p>Folgende Leistungserbringer bieten eine Unterst&uuml;tzung durch Fachteams an:&nbsp;<\/p>\n<ul>\n<li><a href=\"https:\/\/www.eghv-suedpfalz.de\/blog\/property\/pkk-9\/\">Betreuen-F&ouml;rdern-Wohnen AHM<\/a><\/li>\n<li><a href=\"https:\/\/www.eghv-suedpfalz.de\/blog\/property\/bha-6\/\">Diakonissen Bethesda&nbsp;<\/a><\/li>\n<li><a href=\"https:\/\/www.eghv-suedpfalz.de\/blog\/property\/cbs-9\/\">Caritas F&ouml;rderzentrum St. Laurentius und Paulus<\/a><\/li>\n<li><a href=\"https:\/\/www.eghv-suedpfalz.de\/blog\/property\/cbf-8\/\">cbf S&uuml;dpfalz e. V.<\/a>&nbsp;<\/li>\n<li><a href=\"https:\/\/www.eghv-suedpfalz.de\/mitglieder\/?id=lh-ger\">Lebenshilfe Germersheim<\/a><\/li>\n<li><a href=\"https:\/\/www.eghv-suedpfalz.de\/blog\/property\/lh-ld-1\/\">Lebenshilfe Landau-S&Uuml;W<\/a><\/li>\n<li><a href=\"https:\/\/www.eghv-suedpfalz.de\/mitglieder\/?id=mdn\">MEDIAN Therapiezentrum Germersheim<\/a><\/li>\n<li><a href=\"https:\/\/www.eghv-suedpfalz.de\/mitglieder\/?id=stk\">Sozialtherapeutische Kette Landau<\/a><\/li>\n<li><a href=\"https:\/\/www.eghv-suedpfalz.de\/mitglieder\/?id=jfb\">St. Paulus Stift Herxheim<\/a><\/li>\n<\/ul>\n<p>&nbsp;<\/p>\n<p><strong>Bekommt man als Gastfamilie finanzielle Unterst&uuml;tzung?&hellip;&hellip;&hellip;&hellip;&hellip;&hellip;&hellip;&hellip;&hellip;&hellip;&hellip;&hellip;.<\/strong><\/p>\n<p>Es gibt verschiedene Arten finanzieller Unterst&uuml;tzung die addiert werden:<\/p>\n<ol>\n<li>Monatliches Betreuungsentgelt Zt. 569 &euro; (maximal)<\/li>\n<li>Kosten f&uuml;r die Unterkunft, je nach Ort<\/li>\n<li>Ein Beitrag zu den Haushaltskosten wird im Einzelfall im Betreuungs- und Wohnvertrag festgelegt.<\/li>\n<\/ol>\n<p>&nbsp;<\/p>\n<p><strong>Wie ist der Ablauf wenn ich an BWF als Gastfamilie interessiert bin?&hellip;&hellip;&hellip;&hellip;&hellip;&hellip;.<\/strong><\/p>\n<p>Sie k&ouml;nnen sich als Erstkontakt an die Gesch&auml;ftsstelle des Eingliederungshilfeverbunds wenden. Als n&auml;chstes folgen ein ausf&uuml;hrliches Informationsgespr&auml;ch und die Selbstauskunft der interessierten Gastfamilie. Wenn es einen interessierten Gast gibt, der zu Ihnen und Ihren Rahmenbedingungen passt, finden ein erstes Kennenlernen und ggf. ein Probewohnen statt, bevor der Gast dauerhaft einzieht.<\/p>\n","protected":false},"excerpt":{"rendered":"<p class=\"excerpt\">\u00a0 &nbsp; Was ist BWF?&#8230;&#8230;&#8230;&#8230;&#8230;&#8230;&#8230;&#8230;&#8230;&#8230;&#8230;&#8230;&#8230;&#8230;&#8230;&#8230;&#8230;&#8230;&#8230;&#8230;&#8230;&#8230;&#8230;&#8230;&#8230;&#8230;&#8230;&#8230;&#8230;&#8230;&#8230;&#8230;&#8230;&#8230;&#8230;. BWF ist eine besondere Betreuungs- und Wohnform f\u00fcr erwachsene Menschen, die wegen einer Behinderung Unterst\u00fctzung bei der Bew\u00e4ltigung des Alltags \u2026 <span class=\"more\">mehr<\/span><\/p>\n","protected":false},"author":4,"featured_media":0,"parent":0,"menu_order":0,"comment_status":"closed","ping_status":"closed","template":"","meta":{"_acf_changed":false,"footnotes":"","_links_to":"","_links_to_target":""},"class_list":["post-4626","page","type-page","status-publish","hentry"],"acf":[],"yoast_head":"<!-- This site is optimized with the Yoast SEO plugin v27.3 - https:\/\/yoast.com\/product\/yoast-seo-wordpress\/ -->\n<title>Betreutes Wohnen in Gastfamilien - Eingliederungshilfeverbund Su\u0308dpfalz<\/title>\n<meta name=\"robots\" content=\"index, follow, max-snippet:-1, max-image-preview:large, max-video-preview:-1\" \/>\n<link rel=\"canonical\" href=\"https:\/\/www.eghv-suedpfalz.de\/bwf\/\" \/>\n<meta property=\"og:locale\" content=\"de_DE\" \/>\n<meta property=\"og:type\" content=\"article\" \/>\n<meta property=\"og:title\" content=\"Betreutes Wohnen in Gastfamilien - Eingliederungshilfeverbund Su\u0308dpfalz\" \/>\n<meta property=\"og:description\" content=\"\u00a0 &nbsp; Was ist BWF?&#8230;&#8230;&#8230;&#8230;&#8230;&#8230;&#8230;&#8230;&#8230;&#8230;&#8230;&#8230;&#8230;&#8230;&#8230;&#8230;&#8230;&#8230;&#8230;&#8230;&#8230;&#8230;&#8230;&#8230;&#8230;&#8230;&#8230;&#8230;&#8230;&#8230;&#8230;&#8230;&#8230;&#8230;&#8230;. BWF ist eine besondere Betreuungs- und Wohnform f\u00fcr erwachsene Menschen, die wegen einer Behinderung Unterst\u00fctzung bei der Bew\u00e4ltigung des Alltags \u2026 mehr\" \/>\n<meta property=\"og:url\" content=\"https:\/\/www.eghv-suedpfalz.de\/bwf\/\" \/>\n<meta property=\"og:site_name\" content=\"Eingliederungshilfeverbund Su\u0308dpfalz\" \/>\n<meta property=\"article:modified_time\" content=\"2025-12-17T09:51:15+00:00\" \/>\n<meta property=\"og:image\" content=\"https:\/\/www.eghv-suedpfalz.de\/wp-content\/uploads\/2021\/03\/Header-BWF.png\" \/>\n\t<meta property=\"og:image:width\" content=\"793\" \/>\n\t<meta property=\"og:image:height\" content=\"200\" \/>\n\t<meta property=\"og:image:type\" content=\"image\/png\" \/>\n<meta name=\"twitter:card\" content=\"summary_large_image\" \/>\n<meta name=\"twitter:label1\" content=\"Gesch\u00e4tzte Lesezeit\" \/>\n\t<meta name=\"twitter:data1\" content=\"3 minutes\" \/>\n<script type=\"application\/ld+json\" class=\"yoast-schema-graph\">{\"@context\":\"https:\\\/\\\/schema.org\",\"@graph\":[{\"@type\":\"WebPage\",\"@id\":\"https:\\\/\\\/www.eghv-suedpfalz.de\\\/bwf\\\/\",\"url\":\"https:\\\/\\\/www.eghv-suedpfalz.de\\\/bwf\\\/\",\"name\":\"Betreutes Wohnen in Gastfamilien - Eingliederungshilfeverbund Su\u0308dpfalz\",\"isPartOf\":{\"@id\":\"https:\\\/\\\/www.eghv-suedpfalz.de\\\/#website\"},\"primaryImageOfPage\":{\"@id\":\"https:\\\/\\\/www.eghv-suedpfalz.de\\\/bwf\\\/#primaryimage\"},\"image\":{\"@id\":\"https:\\\/\\\/www.eghv-suedpfalz.de\\\/bwf\\\/#primaryimage\"},\"thumbnailUrl\":\"https:\\\/\\\/www.eghv-suedpfalz.de\\\/wp-content\\\/uploads\\\/2021\\\/03\\\/Header-BWF.png\",\"datePublished\":\"2021-03-24T07:11:12+00:00\",\"dateModified\":\"2025-12-17T09:51:15+00:00\",\"breadcrumb\":{\"@id\":\"https:\\\/\\\/www.eghv-suedpfalz.de\\\/bwf\\\/#breadcrumb\"},\"inLanguage\":\"de-DE-formal\",\"potentialAction\":[{\"@type\":\"ReadAction\",\"target\":[\"https:\\\/\\\/www.eghv-suedpfalz.de\\\/bwf\\\/\"]}]},{\"@type\":\"ImageObject\",\"inLanguage\":\"de-DE-formal\",\"@id\":\"https:\\\/\\\/www.eghv-suedpfalz.de\\\/bwf\\\/#primaryimage\",\"url\":\"https:\\\/\\\/www.eghv-suedpfalz.de\\\/wp-content\\\/uploads\\\/2021\\\/03\\\/Header-BWF.png\",\"contentUrl\":\"https:\\\/\\\/www.eghv-suedpfalz.de\\\/wp-content\\\/uploads\\\/2021\\\/03\\\/Header-BWF.png\"},{\"@type\":\"BreadcrumbList\",\"@id\":\"https:\\\/\\\/www.eghv-suedpfalz.de\\\/bwf\\\/#breadcrumb\",\"itemListElement\":[{\"@type\":\"ListItem\",\"position\":1,\"name\":\"Startseite\",\"item\":\"https:\\\/\\\/www.eghv-suedpfalz.de\\\/\"},{\"@type\":\"ListItem\",\"position\":2,\"name\":\"Betreutes Wohnen in Gastfamilien\"}]},{\"@type\":\"WebSite\",\"@id\":\"https:\\\/\\\/www.eghv-suedpfalz.de\\\/#website\",\"url\":\"https:\\\/\\\/www.eghv-suedpfalz.de\\\/\",\"name\":\"Eingliederungshilfeverbund Su\u0308dpfalz\",\"description\":\"\",\"potentialAction\":[{\"@type\":\"SearchAction\",\"target\":{\"@type\":\"EntryPoint\",\"urlTemplate\":\"https:\\\/\\\/www.eghv-suedpfalz.de\\\/?s={search_term_string}\"},\"query-input\":{\"@type\":\"PropertyValueSpecification\",\"valueRequired\":true,\"valueName\":\"search_term_string\"}}],\"inLanguage\":\"de-DE-formal\"}]}<\/script>\n<!-- \/ Yoast SEO plugin. -->","yoast_head_json":{"title":"Betreutes Wohnen in Gastfamilien - Eingliederungshilfeverbund Su\u0308dpfalz","robots":{"index":"index","follow":"follow","max-snippet":"max-snippet:-1","max-image-preview":"max-image-preview:large","max-video-preview":"max-video-preview:-1"},"canonical":"https:\/\/www.eghv-suedpfalz.de\/bwf\/","og_locale":"de_DE","og_type":"article","og_title":"Betreutes Wohnen in Gastfamilien - Eingliederungshilfeverbund Su\u0308dpfalz","og_description":"\u00a0 &nbsp; Was ist BWF?&#8230;&#8230;&#8230;&#8230;&#8230;&#8230;&#8230;&#8230;&#8230;&#8230;&#8230;&#8230;&#8230;&#8230;&#8230;&#8230;&#8230;&#8230;&#8230;&#8230;&#8230;&#8230;&#8230;&#8230;&#8230;&#8230;&#8230;&#8230;&#8230;&#8230;&#8230;&#8230;&#8230;&#8230;&#8230;. BWF ist eine besondere Betreuungs- und Wohnform f\u00fcr erwachsene Menschen, die wegen einer Behinderung Unterst\u00fctzung bei der Bew\u00e4ltigung des Alltags \u2026 mehr","og_url":"https:\/\/www.eghv-suedpfalz.de\/bwf\/","og_site_name":"Eingliederungshilfeverbund Su\u0308dpfalz","article_modified_time":"2025-12-17T09:51:15+00:00","og_image":[{"width":793,"height":200,"url":"https:\/\/www.eghv-suedpfalz.de\/wp-content\/uploads\/2021\/03\/Header-BWF.png","type":"image\/png"}],"twitter_card":"summary_large_image","twitter_misc":{"Gesch\u00e4tzte Lesezeit":"3 minutes"},"schema":{"@context":"https:\/\/schema.org","@graph":[{"@type":"WebPage","@id":"https:\/\/www.eghv-suedpfalz.de\/bwf\/","url":"https:\/\/www.eghv-suedpfalz.de\/bwf\/","name":"Betreutes Wohnen in Gastfamilien - Eingliederungshilfeverbund Su\u0308dpfalz","isPartOf":{"@id":"https:\/\/www.eghv-suedpfalz.de\/#website"},"primaryImageOfPage":{"@id":"https:\/\/www.eghv-suedpfalz.de\/bwf\/#primaryimage"},"image":{"@id":"https:\/\/www.eghv-suedpfalz.de\/bwf\/#primaryimage"},"thumbnailUrl":"https:\/\/www.eghv-suedpfalz.de\/wp-content\/uploads\/2021\/03\/Header-BWF.png","datePublished":"2021-03-24T07:11:12+00:00","dateModified":"2025-12-17T09:51:15+00:00","breadcrumb":{"@id":"https:\/\/www.eghv-suedpfalz.de\/bwf\/#breadcrumb"},"inLanguage":"de-DE-formal","potentialAction":[{"@type":"ReadAction","target":["https:\/\/www.eghv-suedpfalz.de\/bwf\/"]}]},{"@type":"ImageObject","inLanguage":"de-DE-formal","@id":"https:\/\/www.eghv-suedpfalz.de\/bwf\/#primaryimage","url":"https:\/\/www.eghv-suedpfalz.de\/wp-content\/uploads\/2021\/03\/Header-BWF.png","contentUrl":"https:\/\/www.eghv-suedpfalz.de\/wp-content\/uploads\/2021\/03\/Header-BWF.png"},{"@type":"BreadcrumbList","@id":"https:\/\/www.eghv-suedpfalz.de\/bwf\/#breadcrumb","itemListElement":[{"@type":"ListItem","position":1,"name":"Startseite","item":"https:\/\/www.eghv-suedpfalz.de\/"},{"@type":"ListItem","position":2,"name":"Betreutes Wohnen in Gastfamilien"}]},{"@type":"WebSite","@id":"https:\/\/www.eghv-suedpfalz.de\/#website","url":"https:\/\/www.eghv-suedpfalz.de\/","name":"Eingliederungshilfeverbund Su\u0308dpfalz","description":"","potentialAction":[{"@type":"SearchAction","target":{"@type":"EntryPoint","urlTemplate":"https:\/\/www.eghv-suedpfalz.de\/?s={search_term_string}"},"query-input":{"@type":"PropertyValueSpecification","valueRequired":true,"valueName":"search_term_string"}}],"inLanguage":"de-DE-formal"}]}},"_links":{"self":[{"href":"https:\/\/www.eghv-suedpfalz.de\/de-ld\/wp-json\/wp\/v2\/pages\/4626","targetHints":{"allow":["GET"]}}],"collection":[{"href":"https:\/\/www.eghv-suedpfalz.de\/de-ld\/wp-json\/wp\/v2\/pages"}],"about":[{"href":"https:\/\/www.eghv-suedpfalz.de\/de-ld\/wp-json\/wp\/v2\/types\/page"}],"author":[{"embeddable":true,"href":"https:\/\/www.eghv-suedpfalz.de\/de-ld\/wp-json\/wp\/v2\/users\/4"}],"replies":[{"embeddable":true,"href":"https:\/\/www.eghv-suedpfalz.de\/de-ld\/wp-json\/wp\/v2\/comments?post=4626"}],"version-history":[{"count":7,"href":"https:\/\/www.eghv-suedpfalz.de\/de-ld\/wp-json\/wp\/v2\/pages\/4626\/revisions"}],"predecessor-version":[{"id":5839,"href":"https:\/\/www.eghv-suedpfalz.de\/de-ld\/wp-json\/wp\/v2\/pages\/4626\/revisions\/5839"}],"wp:attachment":[{"href":"https:\/\/www.eghv-suedpfalz.de\/de-ld\/wp-json\/wp\/v2\/media?parent=4626"}],"curies":[{"name":"wp","href":"https:\/\/api.w.org\/{rel}","templated":true}]}}