{"id":3801,"date":"2021-01-01T10:26:12","date_gmt":"2021-01-01T09:26:12","guid":{"rendered":"https:\/\/www.eghv-suedpfalz.de\/?page_id=3801"},"modified":"2026-04-22T10:55:24","modified_gmt":"2026-04-22T08:55:24","slug":"pflegestuetzpunkte-suew","status":"publish","type":"page","link":"https:\/\/www.eghv-suedpfalz.de\/de-ld\/weitere-infos\/links\/pflegestuetzpunkte-suew\/","title":{"rendered":"Pflegest\u00fctzpunkte S\u00fcdliche Weinstra\u00dfe"},"content":{"rendered":"<div id=\"pl-3801\" class=\"panel-layout\"><div id=\"pg-3801-0\" class=\"panel-grid panel-no-style\"><div id=\"pgc-3801-0-0\" class=\"panel-grid-cell\"><div id=\"panel-3801-0-0-0\" class=\"so-panel widget widget_sow-headline panel-first-child\" data-index=\"0\"><div class=\"so-widget-sow-headline so-widget-sow-headline-default-58cd01eab458-3801\"><div class=\"sow-headline-container \">\n\t\t\t\t\t\t\t<h2 class=\"sow-headline\">\n\t\t\t\t\t\tPflegest&uuml;tzpunkt Annweiler-Bad Bergzabern\t\t\t\t\t\t<\/h2>\n\t\t\t\t\t\t\t\t\t\t\t<div class=\"decoration\">\n\t\t\t\t\t\t<div class=\"decoration-inside\"><\/div>\n\t\t\t\t\t<\/div>\n\t\t\t\t\t<\/div>\n<\/div><\/div><div id=\"panel-3801-0-0-1\" class=\"so-panel widget widget_sow-editor panel-last-child\" data-index=\"1\"><div class=\"so-widget-sow-editor so-widget-sow-editor-base\">\n<div class=\"siteorigin-widget-tinymce textwidget\">\n\t<p>Weinstra&szlig;e 8, 76887 Bad Bergzabern,<br>\nTel.: <a href=\"tel:063436100851\">06343 \/ 6100851<\/a> oder <a href=\"tel:063436100852\">06343 \/ 6100852<\/a><\/p>\n<\/div>\n<\/div><\/div><\/div><\/div><div id=\"pg-3801-1\" class=\"panel-grid panel-no-style\"><div id=\"pgc-3801-1-0\" class=\"panel-grid-cell\"><div class=\"border panel-cell-style panel-cell-style-for-3801-1-0\"><div id=\"panel-3801-1-0-0\" class=\"so-panel widget widget_sow-editor panel-first-child panel-last-child\" data-index=\"2\"><div class=\"so-widget-sow-editor so-widget-sow-editor-base\"><h3 class=\"widget-title\">Natalie Schw&ouml;bel<\/h3>\n<div class=\"siteorigin-widget-tinymce textwidget\">\n\t<p>E-Mail: <a href=\"mailto:natalie.schwoebel@pflegestuetzpunkte-rlp.de\">natalie.schwoebel@pflegestuetzpunkte-rlp.de<\/a><\/p>\n<\/div>\n<\/div><\/div><\/div><\/div><div id=\"pgc-3801-1-1\" class=\"panel-grid-cell\"><div class=\"border panel-cell-style panel-cell-style-for-3801-1-1\"><div id=\"panel-3801-1-1-0\" class=\"so-panel widget widget_sow-editor panel-first-child panel-last-child\" data-index=\"3\"><div class=\"so-widget-sow-editor so-widget-sow-editor-base\"><h3 class=\"widget-title\">Marion Heiner<\/h3>\n<div class=\"siteorigin-widget-tinymce textwidget\">\n\t<p>E-Mail: <a href=\"mailto:marion.heiner@pflegestuetzpunkte-rlp.de\">marion.heiner@pflegestuetzpunkte-rlp.de<\/a><\/p>\n<\/div>\n<\/div><\/div><\/div><\/div><\/div><div id=\"pg-3801-2\" class=\"panel-grid panel-no-style\"><div id=\"pgc-3801-2-0\" class=\"panel-grid-cell panel-grid-cell-mobile-last\"><div class=\"border panel-cell-style panel-cell-style-for-3801-2-0\"><div id=\"panel-3801-2-0-0\" class=\"so-panel widget widget_sow-editor panel-first-child panel-last-child\" data-index=\"4\"><div class=\"so-widget-sow-editor so-widget-sow-editor-base\"><h3 class=\"widget-title\">Lara Bastian<\/h3>\n<div class=\"siteorigin-widget-tinymce textwidget\">\n\t<p>E-Mail: <a href=\"mailto:lara.bastian@pflegestuetzpunkte-rlp.de\">lara.bastian@pflegestuetzpunkte-rlp.de<\/a><\/p>\n<\/div>\n<\/div><\/div><\/div><\/div><div id=\"pgc-3801-2-1\" class=\"panel-grid-cell panel-grid-cell-empty\"><div class=\"border panel-cell-style panel-cell-style-for-3801-2-1\"><\/div><\/div><\/div><div id=\"pg-3801-3\" class=\"panel-grid panel-no-style\"><div id=\"pgc-3801-3-0\" class=\"panel-grid-cell\"><div id=\"panel-3801-3-0-0\" class=\"widget_text so-panel widget widget_custom_html panel-first-child panel-last-child\" data-index=\"5\"><div class=\"textwidget custom-html-widget\"><hr><\/div><\/div><\/div><\/div><div id=\"pg-3801-4\" class=\"panel-grid panel-no-style\"><div id=\"pgc-3801-4-0\" class=\"panel-grid-cell\"><div id=\"panel-3801-4-0-0\" class=\"so-panel widget widget_sow-headline panel-first-child\" data-index=\"6\"><div class=\"so-widget-sow-headline so-widget-sow-headline-default-c3fb9b79a8c6-3801\"><div class=\"sow-headline-container \">\n\t\t\t\t\t\t\t<h2 class=\"sow-headline\">\n\t\t\t\t\t\tPflegest&uuml;tzpunkt Edenkoben &ndash; Herxheim &ndash; Offenbach\t\t\t\t\t\t<\/h2>\n\t\t\t\t\t\t\t\t\t\t\t<div class=\"decoration\">\n\t\t\t\t\t\t<div class=\"decoration-inside\"><\/div>\n\t\t\t\t\t<\/div>\n\t\t\t\t\t<\/div>\n<\/div><\/div><div id=\"panel-3801-4-0-1\" class=\"so-panel widget widget_sow-editor panel-last-child\" data-index=\"7\"><div class=\"so-widget-sow-editor so-widget-sow-editor-base\">\n<div class=\"siteorigin-widget-tinymce textwidget\">\n\t<p>K&auml;sgasse 15, 76863 Herxheim<\/p>\n<\/div>\n<\/div><\/div><\/div><\/div><div id=\"pg-3801-5\" class=\"panel-grid panel-no-style\"><div id=\"pgc-3801-5-0\" class=\"panel-grid-cell\"><div class=\"border panel-cell-style panel-cell-style-for-3801-5-0\"><div id=\"panel-3801-5-0-0\" class=\"so-panel widget widget_sow-editor panel-first-child panel-last-child\" data-index=\"8\"><div class=\"so-widget-sow-editor so-widget-sow-editor-base\"><h3 class=\"widget-title\">Kathrin Boller<\/h3>\n<div class=\"siteorigin-widget-tinymce textwidget\">\n\t<p>Tel.: <a href=\"tel:072765030164\">07276 \/ 5030164<\/a><br>\nFax: <a href=\"fax:072765030165\">07276 \/ 5030165<\/a><br>\nE-Mail: <a href=\"mailto:kathrin.boller@pflegestuetzpunkte-rlp.de\">kathrin.boller@pflegestuetzpunkte-rlp.de<\/a><\/p>\n<\/div>\n<\/div><\/div><\/div><\/div><div id=\"pgc-3801-5-1\" class=\"panel-grid-cell\"><div class=\"border panel-cell-style panel-cell-style-for-3801-5-1\"><div id=\"panel-3801-5-1-0\" class=\"so-panel widget widget_sow-editor panel-first-child panel-last-child\" data-index=\"9\"><div class=\"so-widget-sow-editor so-widget-sow-editor-base\"><h3 class=\"widget-title\">Sabine Stepp<\/h3>\n<div class=\"siteorigin-widget-tinymce textwidget\">\n\t<p>Tel.: <a href=\"tel:072765030163\">07276 \/ 5030163<\/a><br>\nFax: <a href=\"fax:072765030165\">07276 \/ 5030165<\/a><br>\nE-Mail: <a href=\"mailto:sabine.stepp@pflegestuetzpunkte-rlp.de\">sabine.stepp@pflegestuetzpunkte-rlp.de<\/a><\/p>\n<\/div>\n<\/div><\/div><\/div><\/div><\/div><div id=\"pg-3801-6\" class=\"panel-grid panel-no-style\"><div id=\"pgc-3801-6-0\" class=\"panel-grid-cell panel-grid-cell-mobile-last\"><div class=\"border panel-cell-style panel-cell-style-for-3801-6-0\"><div id=\"panel-3801-6-0-0\" class=\"so-panel widget widget_sow-editor panel-first-child panel-last-child\" data-index=\"10\"><div class=\"so-widget-sow-editor so-widget-sow-editor-base\"><h3 class=\"widget-title\">Ute Wilhelm<\/h3>\n<div class=\"siteorigin-widget-tinymce textwidget\">\n\t<p>Tel.: <a href=\"tel:072765030163\">07276 \/ 5030163<\/a><br>\nFax: <a href=\"fax:072765030165\">07276 \/ 5030165<\/a><br>\nE-Mail: <a href=\"mailto:ute.wilhelm@pflegestuetzpunkte-rlp.de\">ute.wilhelm@pflegestuetzpunkte-rlp.de<\/a><\/p>\n<\/div>\n<\/div><\/div><\/div><\/div><div id=\"pgc-3801-6-1\" class=\"panel-grid-cell panel-grid-cell-empty\"><\/div><\/div><div id=\"pg-3801-7\" class=\"panel-grid panel-no-style\"><div id=\"pgc-3801-7-0\" class=\"panel-grid-cell\"><div id=\"panel-3801-7-0-0\" class=\"widget_text so-panel widget widget_custom_html panel-first-child panel-last-child\" data-index=\"11\"><div class=\"textwidget custom-html-widget\"><hr><\/div><\/div><\/div><\/div><div id=\"pg-3801-8\" class=\"panel-grid panel-no-style\"><div id=\"pgc-3801-8-0\" class=\"panel-grid-cell panel-grid-cell-empty\"><\/div><\/div><div id=\"pg-3801-9\" class=\"panel-grid panel-no-style\"><div id=\"pgc-3801-9-0\" class=\"panel-grid-cell\"><div id=\"panel-3801-9-0-0\" class=\"so-panel widget widget_sow-headline panel-first-child\" data-index=\"12\"><div class=\"so-widget-sow-headline so-widget-sow-headline-default-c3fb9b79a8c6-3801\"><div class=\"sow-headline-container \">\n\t\t\t\t\t\t\t<h2 class=\"sow-headline\">\n\t\t\t\t\t\tPflegest&uuml;tzpunkt Neustadt &ndash; Maikammer\t\t\t\t\t\t<\/h2>\n\t\t\t\t\t\t\t\t\t\t\t<div class=\"decoration\">\n\t\t\t\t\t\t<div class=\"decoration-inside\"><\/div>\n\t\t\t\t\t<\/div>\n\t\t\t\t\t<\/div>\n<\/div><\/div><div id=\"panel-3801-9-0-1\" class=\"so-panel widget widget_sow-editor panel-last-child\" data-index=\"13\"><div class=\"so-widget-sow-editor so-widget-sow-editor-base\">\n<div class=\"siteorigin-widget-tinymce textwidget\">\n\t<p>Rotkreuzstra&szlig;e 2, 67433 Neustadt<\/p>\n<\/div>\n<\/div><\/div><\/div><\/div><div id=\"pg-3801-10\" class=\"panel-grid panel-no-style\"><div id=\"pgc-3801-10-0\" class=\"panel-grid-cell\"><div class=\"border panel-cell-style panel-cell-style-for-3801-10-0\"><div id=\"panel-3801-10-0-0\" class=\"so-panel widget widget_sow-editor panel-first-child panel-last-child\" data-index=\"14\"><div class=\"so-widget-sow-editor so-widget-sow-editor-base\"><h3 class=\"widget-title\">Simone Bogosch<\/h3>\n<div class=\"siteorigin-widget-tinymce textwidget\">\n\t<p>Tel.: <a href=\"tel:063219378910\">06321 \/ 93789-10<\/a><br>\nE-Mail: <a href=\"mailto:simone.bogosch@pflegestuetzpunkte-rlp.de\">simone.bogosch@pflegestuetzpunkte-rlp.de<\/a><\/p>\n<\/div>\n<\/div><\/div><\/div><\/div><div id=\"pgc-3801-10-1\" class=\"panel-grid-cell\"><div class=\"border panel-cell-style panel-cell-style-for-3801-10-1\"><div id=\"panel-3801-10-1-0\" class=\"so-panel widget widget_sow-editor panel-first-child panel-last-child\" data-index=\"15\"><div class=\"so-widget-sow-editor so-widget-sow-editor-base\"><h3 class=\"widget-title\">Andrea Gauglitz<\/h3>\n<div class=\"siteorigin-widget-tinymce textwidget\">\n\t<p>Tel.: <a href=\"tel:063219378910\">06321 \/ 93789-10<\/a><br>\nE-Mail: <a href=\"mailto:andrea.gauglitz@pflegestuetzpunkte-rlp.de\">andrea.gauglitz@pflegestuetzpunkte-rlp.de<\/a><\/p>\n<\/div>\n<\/div><\/div><\/div><\/div><\/div><div id=\"pg-3801-11\" class=\"panel-grid panel-no-style\"><div id=\"pgc-3801-11-0\" class=\"panel-grid-cell\"><div class=\"border panel-cell-style panel-cell-style-for-3801-11-0\"><div id=\"panel-3801-11-0-0\" class=\"so-panel widget widget_sow-editor panel-first-child panel-last-child\" data-index=\"16\"><div class=\"so-widget-sow-editor so-widget-sow-editor-base\"><h3 class=\"widget-title\">Lieselotte Skade<\/h3>\n<div class=\"siteorigin-widget-tinymce textwidget\">\n\t<p>Tel.: <a href=\"tel:063219378911\">06321 \/ 93789-11<\/a><br>\nE-Mail: <a href=\"mailto:lieselotte.skade@pflegestuetzpunkte-rlp.de\">lieselotte.skade@pflegestuetzpunkte-rlp.de<\/a><\/p>\n<\/div>\n<\/div><\/div><\/div><\/div><div id=\"pgc-3801-11-1\" class=\"panel-grid-cell\"><div class=\"border panel-cell-style panel-cell-style-for-3801-11-1\"><div id=\"panel-3801-11-1-0\" class=\"so-panel widget widget_sow-editor panel-first-child panel-last-child\" data-index=\"17\"><div class=\"so-widget-sow-editor so-widget-sow-editor-base\"><h3 class=\"widget-title\">Jenny Vogel<\/h3>\n<div class=\"siteorigin-widget-tinymce textwidget\">\n\t<p>Tel.: <a href=\"tel:063219378912\">06321 \/ 93789-12<\/a><br>\nFax: <a href=\"fax:063219378929\">06321 \/ 93789-29<\/a><br>\nE-Mail: <a href=\"mailto:jenny.vogel@pflegestuetzpunkte-rlp.de\">jenny.vogel@pflegestuetzpunkte-rlp.de<\/a><\/p>\n<\/div>\n<\/div><\/div><\/div><\/div><\/div><div id=\"pg-3801-12\" class=\"panel-grid panel-no-style\"><div id=\"pgc-3801-12-0\" class=\"panel-grid-cell\"><div id=\"panel-3801-12-0-0\" class=\"widget_text so-panel widget widget_custom_html panel-first-child panel-last-child\" data-index=\"18\"><div class=\"textwidget custom-html-widget\"><hr><\/div><\/div><\/div><\/div><div id=\"pg-3801-13\" class=\"panel-grid panel-no-style\"><div id=\"pgc-3801-13-0\" class=\"panel-grid-cell\"><div id=\"panel-3801-13-0-0\" class=\"so-panel widget widget_sow-headline panel-first-child\" data-index=\"19\"><div class=\"so-widget-sow-headline so-widget-sow-headline-default-c3fb9b79a8c6-3801\"><div class=\"sow-headline-container \">\n\t\t\t\t\t\t\t<h2 class=\"sow-headline\">\n\t\t\t\t\t\tPrivat Versicherte im Landkreis S&uuml;dliche Weinstra&szlig;e und der Stadt Landau\t\t\t\t\t\t<\/h2>\n\t\t\t\t\t\t\t\t\t\t\t<div class=\"decoration\">\n\t\t\t\t\t\t<div class=\"decoration-inside\"><\/div>\n\t\t\t\t\t<\/div>\n\t\t\t\t\t<\/div>\n<\/div><\/div><div id=\"panel-3801-13-0-1\" class=\"so-panel widget widget_sow-editor panel-last-child\" data-index=\"20\"><div class=\"so-widget-sow-editor so-widget-sow-editor-base\">\n<div class=\"siteorigin-widget-tinymce textwidget\">\n\t<p>Compass Private Pflegeberatung, Gustav-Heinemann-Ufer 74C, 50968 K&ouml;ln<br>\nTel.: <a href=\"tel:08001018800\">0800 \/ 1018800<\/a><br>\n<a href=\"http:\/\/www.compass-pflegeberatung.de\">http:\/\/www.compass-pflegeberatung.de<\/a><\/p>\n<\/div>\n<\/div><\/div><\/div><\/div><\/div>","protected":false},"excerpt":{"rendered":"<p class=\"excerpt\">Weinstra\u00dfe 8, 76887 Bad Bergzabern, Tel.: 06343 \/ 6100851 oder 06343 \/ 6100852 E-Mail: natalie.schwoebel@pflegestuetzpunkte-rlp.de E-Mail: marion.heiner@pflegestuetzpunkte-rlp.de<\/p>\n","protected":false},"author":1,"featured_media":0,"parent":3639,"menu_order":20,"comment_status":"closed","ping_status":"closed","template":"","meta":{"_acf_changed":false,"footnotes":"","_links_to":"","_links_to_target":""},"class_list":["post-3801","page","type-page","status-publish","hentry"],"acf":[],"yoast_head":"<!-- This site is optimized with the Yoast SEO plugin v27.3 - https:\/\/yoast.com\/product\/yoast-seo-wordpress\/ -->\n<title>Pflegest\u00fctzpunkte S\u00fcdliche Weinstra\u00dfe - Eingliederungshilfeverbund Su\u0308dpfalz<\/title>\n<meta name=\"robots\" content=\"index, follow, max-snippet:-1, max-image-preview:large, max-video-preview:-1\" \/>\n<link rel=\"canonical\" href=\"https:\/\/www.eghv-suedpfalz.de\/weitere-infos\/links\/pflegestuetzpunkte-suew\/\" \/>\n<meta property=\"og:locale\" content=\"de_DE\" \/>\n<meta property=\"og:type\" content=\"article\" \/>\n<meta property=\"og:title\" content=\"Pflegest\u00fctzpunkte S\u00fcdliche Weinstra\u00dfe - Eingliederungshilfeverbund Su\u0308dpfalz\" \/>\n<meta property=\"og:description\" content=\"Weinstra\u00dfe 8, 76887 Bad Bergzabern, Tel.: 06343 \/ 6100851 oder 06343 \/ 6100852 E-Mail: natalie.schwoebel@pflegestuetzpunkte-rlp.de E-Mail: marion.heiner@pflegestuetzpunkte-rlp.de\" \/>\n<meta property=\"og:url\" content=\"https:\/\/www.eghv-suedpfalz.de\/weitere-infos\/links\/pflegestuetzpunkte-suew\/\" \/>\n<meta property=\"og:site_name\" content=\"Eingliederungshilfeverbund Su\u0308dpfalz\" \/>\n<meta property=\"article:modified_time\" content=\"2026-04-22T08:55:24+00:00\" \/>\n<meta name=\"twitter:card\" content=\"summary_large_image\" \/>\n<meta name=\"twitter:label1\" content=\"Gesch\u00e4tzte Lesezeit\" \/>\n\t<meta name=\"twitter:data1\" content=\"1 minute\" \/>\n<script type=\"application\/ld+json\" class=\"yoast-schema-graph\">{\"@context\":\"https:\\\/\\\/schema.org\",\"@graph\":[{\"@type\":\"WebPage\",\"@id\":\"https:\\\/\\\/www.eghv-suedpfalz.de\\\/weitere-infos\\\/links\\\/pflegestuetzpunkte-suew\\\/\",\"url\":\"https:\\\/\\\/www.eghv-suedpfalz.de\\\/weitere-infos\\\/links\\\/pflegestuetzpunkte-suew\\\/\",\"name\":\"Pflegest\u00fctzpunkte S\u00fcdliche Weinstra\u00dfe - Eingliederungshilfeverbund Su\u0308dpfalz\",\"isPartOf\":{\"@id\":\"https:\\\/\\\/www.eghv-suedpfalz.de\\\/#website\"},\"datePublished\":\"2021-01-01T09:26:12+00:00\",\"dateModified\":\"2026-04-22T08:55:24+00:00\",\"breadcrumb\":{\"@id\":\"https:\\\/\\\/www.eghv-suedpfalz.de\\\/weitere-infos\\\/links\\\/pflegestuetzpunkte-suew\\\/#breadcrumb\"},\"inLanguage\":\"de-DE-formal\",\"potentialAction\":[{\"@type\":\"ReadAction\",\"target\":[\"https:\\\/\\\/www.eghv-suedpfalz.de\\\/weitere-infos\\\/links\\\/pflegestuetzpunkte-suew\\\/\"]}]},{\"@type\":\"BreadcrumbList\",\"@id\":\"https:\\\/\\\/www.eghv-suedpfalz.de\\\/weitere-infos\\\/links\\\/pflegestuetzpunkte-suew\\\/#breadcrumb\",\"itemListElement\":[{\"@type\":\"ListItem\",\"position\":1,\"name\":\"Startseite\",\"item\":\"https:\\\/\\\/www.eghv-suedpfalz.de\\\/\"},{\"@type\":\"ListItem\",\"position\":2,\"name\":\"Weitere Infos\",\"item\":\"https:\\\/\\\/www.eghv-suedpfalz.de\\\/weitere-infos\\\/haeufige-fragen\\\/\"},{\"@type\":\"ListItem\",\"position\":3,\"name\":\"Links\",\"item\":\"https:\\\/\\\/www.eghv-suedpfalz.de\\\/weitere-infos\\\/links\\\/\"},{\"@type\":\"ListItem\",\"position\":4,\"name\":\"Pflegest\u00fctzpunkte S\u00fcdliche Weinstra\u00dfe\"}]},{\"@type\":\"WebSite\",\"@id\":\"https:\\\/\\\/www.eghv-suedpfalz.de\\\/#website\",\"url\":\"https:\\\/\\\/www.eghv-suedpfalz.de\\\/\",\"name\":\"Eingliederungshilfeverbund Su\u0308dpfalz\",\"description\":\"\",\"potentialAction\":[{\"@type\":\"SearchAction\",\"target\":{\"@type\":\"EntryPoint\",\"urlTemplate\":\"https:\\\/\\\/www.eghv-suedpfalz.de\\\/?s={search_term_string}\"},\"query-input\":{\"@type\":\"PropertyValueSpecification\",\"valueRequired\":true,\"valueName\":\"search_term_string\"}}],\"inLanguage\":\"de-DE-formal\"}]}<\/script>\n<!-- \/ Yoast SEO plugin. -->","yoast_head_json":{"title":"Pflegest\u00fctzpunkte S\u00fcdliche Weinstra\u00dfe - Eingliederungshilfeverbund Su\u0308dpfalz","robots":{"index":"index","follow":"follow","max-snippet":"max-snippet:-1","max-image-preview":"max-image-preview:large","max-video-preview":"max-video-preview:-1"},"canonical":"https:\/\/www.eghv-suedpfalz.de\/weitere-infos\/links\/pflegestuetzpunkte-suew\/","og_locale":"de_DE","og_type":"article","og_title":"Pflegest\u00fctzpunkte S\u00fcdliche Weinstra\u00dfe - Eingliederungshilfeverbund Su\u0308dpfalz","og_description":"Weinstra\u00dfe 8, 76887 Bad Bergzabern, Tel.: 06343 \/ 6100851 oder 06343 \/ 6100852 E-Mail: natalie.schwoebel@pflegestuetzpunkte-rlp.de E-Mail: marion.heiner@pflegestuetzpunkte-rlp.de","og_url":"https:\/\/www.eghv-suedpfalz.de\/weitere-infos\/links\/pflegestuetzpunkte-suew\/","og_site_name":"Eingliederungshilfeverbund Su\u0308dpfalz","article_modified_time":"2026-04-22T08:55:24+00:00","twitter_card":"summary_large_image","twitter_misc":{"Gesch\u00e4tzte Lesezeit":"1 minute"},"schema":{"@context":"https:\/\/schema.org","@graph":[{"@type":"WebPage","@id":"https:\/\/www.eghv-suedpfalz.de\/weitere-infos\/links\/pflegestuetzpunkte-suew\/","url":"https:\/\/www.eghv-suedpfalz.de\/weitere-infos\/links\/pflegestuetzpunkte-suew\/","name":"Pflegest\u00fctzpunkte S\u00fcdliche Weinstra\u00dfe - Eingliederungshilfeverbund Su\u0308dpfalz","isPartOf":{"@id":"https:\/\/www.eghv-suedpfalz.de\/#website"},"datePublished":"2021-01-01T09:26:12+00:00","dateModified":"2026-04-22T08:55:24+00:00","breadcrumb":{"@id":"https:\/\/www.eghv-suedpfalz.de\/weitere-infos\/links\/pflegestuetzpunkte-suew\/#breadcrumb"},"inLanguage":"de-DE-formal","potentialAction":[{"@type":"ReadAction","target":["https:\/\/www.eghv-suedpfalz.de\/weitere-infos\/links\/pflegestuetzpunkte-suew\/"]}]},{"@type":"BreadcrumbList","@id":"https:\/\/www.eghv-suedpfalz.de\/weitere-infos\/links\/pflegestuetzpunkte-suew\/#breadcrumb","itemListElement":[{"@type":"ListItem","position":1,"name":"Startseite","item":"https:\/\/www.eghv-suedpfalz.de\/"},{"@type":"ListItem","position":2,"name":"Weitere Infos","item":"https:\/\/www.eghv-suedpfalz.de\/weitere-infos\/haeufige-fragen\/"},{"@type":"ListItem","position":3,"name":"Links","item":"https:\/\/www.eghv-suedpfalz.de\/weitere-infos\/links\/"},{"@type":"ListItem","position":4,"name":"Pflegest\u00fctzpunkte S\u00fcdliche Weinstra\u00dfe"}]},{"@type":"WebSite","@id":"https:\/\/www.eghv-suedpfalz.de\/#website","url":"https:\/\/www.eghv-suedpfalz.de\/","name":"Eingliederungshilfeverbund Su\u0308dpfalz","description":"","potentialAction":[{"@type":"SearchAction","target":{"@type":"EntryPoint","urlTemplate":"https:\/\/www.eghv-suedpfalz.de\/?s={search_term_string}"},"query-input":{"@type":"PropertyValueSpecification","valueRequired":true,"valueName":"search_term_string"}}],"inLanguage":"de-DE-formal"}]}},"_links":{"self":[{"href":"https:\/\/www.eghv-suedpfalz.de\/de-ld\/wp-json\/wp\/v2\/pages\/3801","targetHints":{"allow":["GET"]}}],"collection":[{"href":"https:\/\/www.eghv-suedpfalz.de\/de-ld\/wp-json\/wp\/v2\/pages"}],"about":[{"href":"https:\/\/www.eghv-suedpfalz.de\/de-ld\/wp-json\/wp\/v2\/types\/page"}],"author":[{"embeddable":true,"href":"https:\/\/www.eghv-suedpfalz.de\/de-ld\/wp-json\/wp\/v2\/users\/1"}],"replies":[{"embeddable":true,"href":"https:\/\/www.eghv-suedpfalz.de\/de-ld\/wp-json\/wp\/v2\/comments?post=3801"}],"version-history":[{"count":11,"href":"https:\/\/www.eghv-suedpfalz.de\/de-ld\/wp-json\/wp\/v2\/pages\/3801\/revisions"}],"predecessor-version":[{"id":5937,"href":"https:\/\/www.eghv-suedpfalz.de\/de-ld\/wp-json\/wp\/v2\/pages\/3801\/revisions\/5937"}],"up":[{"embeddable":true,"href":"https:\/\/www.eghv-suedpfalz.de\/de-ld\/wp-json\/wp\/v2\/pages\/3639"}],"wp:attachment":[{"href":"https:\/\/www.eghv-suedpfalz.de\/de-ld\/wp-json\/wp\/v2\/media?parent=3801"}],"curies":[{"name":"wp","href":"https:\/\/api.w.org\/{rel}","templated":true}]}}