{"id":3689,"date":"2020-03-26T11:09:14","date_gmt":"2020-03-26T10:09:14","guid":{"rendered":"https:\/\/www.eghv-suedpfalz.de\/?page_id=3689"},"modified":"2025-12-17T10:58:22","modified_gmt":"2025-12-17T09:58:22","slug":"der-verbund","status":"publish","type":"page","link":"https:\/\/www.eghv-suedpfalz.de\/de-ld\/der-eingliederungshilfeverbund\/der-verbund\/","title":{"rendered":"Der Verbund"},"content":{"rendered":"<div id=\"pl-3689\" class=\"panel-layout\"><div id=\"pg-3689-0\" class=\"panel-grid panel-has-style\"><div class=\"container-1000 panel-row-style panel-row-style-for-3689-0\"><div id=\"pgc-3689-0-0\" class=\"panel-grid-cell\"><div id=\"panel-3689-0-0-0\" class=\"so-panel widget widget_sow-editor panel-first-child panel-last-child\" data-index=\"0\"><div class=\"so-widget-sow-editor so-widget-sow-editor-base\">\n<div class=\"siteorigin-widget-tinymce textwidget\">\n\t<p>Die S&uuml;d&#9679;pfalz ist eine Region. Dort befinden sich der Land&#9679;kreis Germersheim, der Land&#9679;kreis S&uuml;dliche Wein&#9679;stra&szlig;e und die Stadt Landau.<\/p>\n<\/div>\n<\/div><\/div><\/div><div id=\"pgc-3689-0-1\" class=\"panel-grid-cell\"><div id=\"panel-3689-0-1-0\" class=\"so-panel widget widget_sow-editor panel-first-child panel-last-child\" data-index=\"1\"><div class=\"so-widget-sow-editor so-widget-sow-editor-base\">\n<div class=\"siteorigin-widget-tinymce textwidget\">\n\t<p><a href=\"https:\/\/www.eghv-suedpfalz.de\/wp-content\/uploads\/2020\/04\/Landkarte3-800x754.png\" data-rel=\"lightbox-gallery-0\" data-rl_title=\"Landkarte(3)\" data-rl_caption=\"\" title=\"Landkarte(3)\"><img loading=\"lazy\" decoding=\"async\" class=\"alignnone wp-image-443 size-full\" src=\"https:\/\/www.eghv-suedpfalz.de\/wp-content\/uploads\/2020\/04\/Landkarte3-800x754.png\" alt=\"Landkarte der Region S&uuml;dpfalz\" width=\"500\" height=\"456\"><\/a><\/p>\n<\/div>\n<\/div><\/div><\/div><\/div><\/div><div id=\"pg-3689-1\" class=\"panel-grid panel-has-style\"><div class=\"container-1000 panel-row-style panel-row-style-for-3689-1\"><div id=\"pgc-3689-1-0\" class=\"panel-grid-cell\"><div id=\"panel-3689-1-0-0\" class=\"so-panel widget widget_sow-editor panel-first-child panel-last-child\" data-index=\"2\"><div id=\"AGInteressenvertretung\" class=\"panel-widget-style panel-widget-style-for-3689-1-0-0\"><div class=\"so-widget-sow-editor so-widget-sow-editor-base\">\n<div class=\"siteorigin-widget-tinymce textwidget\">\n\t<hr>\n<\/div>\n<\/div><\/div><\/div><\/div><\/div><\/div><div id=\"pg-3689-2\" class=\"panel-grid panel-has-style\"><div class=\"container-1000 panel-row-style panel-row-style-for-3689-2\"><div id=\"pgc-3689-2-0\" class=\"panel-grid-cell\"><div id=\"panel-3689-2-0-0\" class=\"so-panel widget widget_sow-editor panel-first-child panel-last-child\" data-index=\"3\"><div class=\"so-widget-sow-editor so-widget-sow-editor-base\">\n<div class=\"siteorigin-widget-tinymce textwidget\">\n\t<p>Mehr als 19.000 Menschen in der Region haben eine schwere Behinderung.<br>\nViele von ihnen brauchen Hilfe von anderen.<\/p>\n<\/div>\n<\/div><\/div><\/div><div id=\"pgc-3689-2-1\" class=\"panel-grid-cell\"><div id=\"panel-3689-2-1-0\" class=\"so-panel widget widget_sow-editor panel-first-child panel-last-child\" data-index=\"4\"><div class=\"so-widget-sow-editor so-widget-sow-editor-base\">\n<div class=\"siteorigin-widget-tinymce textwidget\">\n\t<p><a href=\"https:\/\/www.eghv-suedpfalz.de\/wp-content\/uploads\/2018\/02\/Menschen.png\" data-rel=\"lightbox-gallery-0\" data-rl_title=\"Menschen (&copy; Kassing)\" data-rl_caption=\"Eine Gruppe aus vielen Menschen\" title=\"Menschen (&copy; Kassing)\"><img loading=\"lazy\" decoding=\"async\" class=\"alignnone size-full wp-image-1382\" src=\"https:\/\/www.eghv-suedpfalz.de\/wp-content\/uploads\/2018\/02\/Menschen.png\" alt=\"Eine Gruppe aus vielen Menschen\" width=\"500\" height=\"382\"><\/a><\/p>\n<\/div>\n<\/div><\/div><\/div><\/div><\/div><div id=\"pg-3689-3\" class=\"panel-grid panel-has-style\"><div class=\"container-1000 panel-row-style panel-row-style-for-3689-3\"><div id=\"pgc-3689-3-0\" class=\"panel-grid-cell\"><div id=\"panel-3689-3-0-0\" class=\"so-panel widget widget_sow-editor panel-first-child panel-last-child\" data-index=\"5\"><div id=\"AGInteressenvertretung\" class=\"panel-widget-style panel-widget-style-for-3689-3-0-0\"><div class=\"so-widget-sow-editor so-widget-sow-editor-base\">\n<div class=\"siteorigin-widget-tinymce textwidget\">\n\t<hr>\n<\/div>\n<\/div><\/div><\/div><\/div><\/div><\/div><div id=\"pg-3689-4\" class=\"panel-grid panel-has-style\"><div class=\"container-1000 panel-row-style panel-row-style-for-3689-4\"><div id=\"pgc-3689-4-0\" class=\"panel-grid-cell\"><div id=\"panel-3689-4-0-0\" class=\"so-panel widget widget_sow-editor panel-first-child panel-last-child\" data-index=\"6\"><div class=\"so-widget-sow-editor so-widget-sow-editor-base\">\n<div class=\"siteorigin-widget-tinymce textwidget\">\n\t<p>In der S&uuml;d&#9679;pfalz arbeiten <a href=\"https:\/\/www.eghv-suedpfalz.de\/de-ld\/glossar\/anbieter\/\" target=\"_self\" title=\"Anbieter sind Dienste oder Einrichtungen. Sie unterst&uuml;tzen Menschen mit Behinderung. Die Menschen k&ouml;nnen zum Beispiel in einer Einrichtung leben. Oder werden von einem Dienst zu&hellip;\" class=\"encyclopedia\">Anbieter<\/a> von Hilfen mit den Sozial&#9679;&auml;mtern zusammen.<br>\nAuch Menschen mit einer Behinderung und <a href=\"https:\/\/www.eghv-suedpfalz.de\/de-ld\/glossar\/interessen%e2%97%8fvertreter\/\" target=\"_self\" title=\"Ein Behinderten&#9679;beauftragter ist ein Ansprech&#9679;partner f&uuml;r Menschen mit Behinderung. Er k&uuml;mmert sich um die Sorgen und W&uuml;nsche der Menschen. Und ber&auml;t andere, wie Menschen mit&hellip;\" class=\"encyclopedia\">Interessen&#9679;vertreter<\/a> arbeiten mit.<br>\nDas hei&szlig;t <a href=\"https:\/\/www.eghv-suedpfalz.de\/de-ld\/glossar\/eingliederungshilfe\/\" target=\"_self\" title=\"Menschen mit Behinderung ben&ouml;tigen manchmal die Hilfe von anderen.&nbsp; Manche Menschen k&ouml;nnen das nicht selbst bezahlen. Dann k&ouml;nnen sie das Geld f&uuml;r bestimmte Leistungen vom&hellip;\" class=\"encyclopedia\">Eingliederungs&#9679;hilfe<\/a>&#9679;verbund.<br>\n<a href=\"https:\/\/www.eghv-suedpfalz.de\/de-ld\/mitglieder\/\">[Das sind die Mitglieder im Eingliederungs&#9679;hilfe&#9679;verbund]<\/a><\/p>\n<\/div>\n<\/div><\/div><\/div><div id=\"pgc-3689-4-1\" class=\"panel-grid-cell\"><div id=\"panel-3689-4-1-0\" class=\"so-panel widget widget_sow-editor panel-first-child panel-last-child\" data-index=\"7\"><div class=\"so-widget-sow-editor so-widget-sow-editor-base\">\n<div class=\"siteorigin-widget-tinymce textwidget\">\n\t<p><a href=\"https:\/\/www.eghv-suedpfalz.de\/wp-content\/uploads\/2017\/01\/EHV-Suedpfalz_Logo.png\" data-rel=\"lightbox-gallery-0\" data-rl_title=\"Eingliederungshilfeverbund Su&#776;dpfalz Logo\" data-rl_caption=\"Logo des Eingliederungshilfeverbunds Su&#776;dpfalz\" title=\"Eingliederungshilfeverbund Su&#776;dpfalz Logo\"><img loading=\"lazy\" decoding=\"async\" class=\"alignnone size-full wp-image-5\" src=\"https:\/\/www.eghv-suedpfalz.de\/wp-content\/uploads\/2017\/01\/EHV-Suedpfalz_Logo.png\" alt=\"Logo des Eingliederungshilfeverbunds Su&#776;dpfalz\" width=\"1200\" height=\"521\" srcset=\"https:\/\/www.eghv-suedpfalz.de\/wp-content\/uploads\/2017\/01\/EHV-Suedpfalz_Logo.png 1200w, https:\/\/www.eghv-suedpfalz.de\/wp-content\/uploads\/2017\/01\/EHV-Suedpfalz_Logo-800x347.png 800w, https:\/\/www.eghv-suedpfalz.de\/wp-content\/uploads\/2017\/01\/EHV-Suedpfalz_Logo-768x333.png 768w\" sizes=\"auto, (max-width: 1200px) 100vw, 1200px\"><\/a><\/p>\n<\/div>\n<\/div><\/div><\/div><\/div><\/div><div id=\"pg-3689-5\" class=\"panel-grid panel-has-style\"><div class=\"container-1000 panel-row-style panel-row-style-for-3689-5\"><div id=\"pgc-3689-5-0\" class=\"panel-grid-cell\"><div id=\"panel-3689-5-0-0\" class=\"so-panel widget widget_sow-editor panel-first-child panel-last-child\" data-index=\"8\"><div id=\"AGInteressenvertretung\" class=\"panel-widget-style panel-widget-style-for-3689-5-0-0\"><div class=\"so-widget-sow-editor so-widget-sow-editor-base\">\n<div class=\"siteorigin-widget-tinymce textwidget\">\n\t<hr>\n<\/div>\n<\/div><\/div><\/div><\/div><\/div><\/div><div id=\"pg-3689-6\" class=\"panel-grid panel-has-style\"><div class=\"container-1000 panel-row-style panel-row-style-for-3689-6\"><div id=\"pgc-3689-6-0\" class=\"panel-grid-cell\"><div id=\"panel-3689-6-0-0\" class=\"so-panel widget widget_sow-editor panel-first-child panel-last-child\" data-index=\"9\"><div class=\"so-widget-sow-editor so-widget-sow-editor-base\">\n<div class=\"siteorigin-widget-tinymce textwidget\">\n\t<p>Dienste und Einrichtungen unterst&uuml;tzen Menschen mit einer Behinderung.<br>\nManche Menschen haben nicht gen&uuml;gend Geld um das zu bezahlen.<br>\nDann k&ouml;nnen die <a href=\"https:\/\/www.eghv-suedpfalz.de\/de-ld\/glossar\/sozialaemter\/\" target=\"_self\" title=\"&Auml;mter erledigen die Aufgaben, die in den Gesetzen stehen. Sie sorgen daf&uuml;r, dass Menschen Leistungen bekommen. Das Sozialamt k&uuml;mmert sich zum Beispiel um die Eingliederungs&#9679;hilfe.\" class=\"encyclopedia\">Sozial&#9679;&auml;mter<\/a> f&uuml;r bestimmte Leistungen bezahlen.<br>\nDas hei&szlig;t <a href=\"https:\/\/www.eghv-suedpfalz.de\/de-ld\/glossar\/eingliederungshilfe\/\" target=\"_self\" title=\"Menschen mit Behinderung ben&ouml;tigen manchmal die Hilfe von anderen.&nbsp; Manche Menschen k&ouml;nnen das nicht selbst bezahlen. Dann k&ouml;nnen sie das Geld f&uuml;r bestimmte Leistungen vom&hellip;\" class=\"encyclopedia\">Eingliederungs&#9679;hilfe<\/a>.<\/p>\n<\/div>\n<\/div><\/div><\/div><div id=\"pgc-3689-6-1\" class=\"panel-grid-cell\"><div id=\"panel-3689-6-1-0\" class=\"so-panel widget widget_sow-editor panel-first-child panel-last-child\" data-index=\"10\"><div class=\"so-widget-sow-editor so-widget-sow-editor-base\">\n<div class=\"siteorigin-widget-tinymce textwidget\">\n\t<p><a href=\"https:\/\/www.eghv-suedpfalz.de\/wp-content\/uploads\/2018\/02\/Assistentin-einkaufen.png\" data-rel=\"lightbox-gallery-0\" data-rl_title=\"Assistentin einkaufen (&copy; Kassing)\" data-rl_caption=\"Eine Assistentin hilft einer Frau im Rollstuhl beim Einkaufen\" title=\"Assistentin einkaufen (&copy; Kassing)\"><img loading=\"lazy\" decoding=\"async\" class=\"alignnone size-full wp-image-1370\" src=\"https:\/\/www.eghv-suedpfalz.de\/wp-content\/uploads\/2018\/02\/Assistentin-einkaufen.png\" alt=\"Eine Assistentin hilft einer Frau im Rollstuhl beim Einkaufen\" width=\"500\" height=\"654\"><\/a><\/p>\n<\/div>\n<\/div><\/div><\/div><\/div><\/div><div id=\"pg-3689-7\" class=\"panel-grid panel-has-style\"><div class=\"container-1000 panel-row-style panel-row-style-for-3689-7\"><div id=\"pgc-3689-7-0\" class=\"panel-grid-cell\"><div id=\"panel-3689-7-0-0\" class=\"so-panel widget widget_sow-editor panel-first-child panel-last-child\" data-index=\"11\"><div id=\"AGInteressenvertretung\" class=\"panel-widget-style panel-widget-style-for-3689-7-0-0\"><div class=\"so-widget-sow-editor so-widget-sow-editor-base\">\n<div class=\"siteorigin-widget-tinymce textwidget\">\n\t<hr>\n<\/div>\n<\/div><\/div><\/div><\/div><\/div><\/div><div id=\"pg-3689-8\" class=\"panel-grid panel-has-style\"><div class=\"container-1000 panel-row-style panel-row-style-for-3689-8\"><div id=\"pgc-3689-8-0\" class=\"panel-grid-cell\"><div id=\"panel-3689-8-0-0\" class=\"so-panel widget widget_sow-editor panel-first-child panel-last-child\" data-index=\"12\"><div class=\"so-widget-sow-editor so-widget-sow-editor-base\"><h3 class=\"widget-title\">Was sind die Ziele vom Eingliederungs&#9679;hilfe&#9679;verbund?<\/h3>\n<div class=\"siteorigin-widget-tinymce textwidget\">\n\t<p>Der <a href=\"https:\/\/www.eghv-suedpfalz.de\/de-ld\/glossar\/eingliederungshilfe\/\" target=\"_self\" title=\"Menschen mit Behinderung ben&ouml;tigen manchmal die Hilfe von anderen.&nbsp; Manche Menschen k&ouml;nnen das nicht selbst bezahlen. Dann k&ouml;nnen sie das Geld f&uuml;r bestimmte Leistungen vom&hellip;\" class=\"encyclopedia\">Eingliederungs&#9679;hilfe<\/a>&#9679;verbund m&ouml;chte die Angebote f&uuml;r Menschen mit Behinderung verbessern.<br>\nSie sollen besser zu dem passen, was die Menschen ben&ouml;tigen.<\/p>\n<\/div>\n<\/div><\/div><\/div><div id=\"pgc-3689-8-1\" class=\"panel-grid-cell\"><div id=\"panel-3689-8-1-0\" class=\"so-panel widget widget_sow-editor panel-first-child panel-last-child\" data-index=\"13\"><div class=\"so-widget-sow-editor so-widget-sow-editor-base\">\n<div class=\"siteorigin-widget-tinymce textwidget\">\n\t<p><a href=\"https:\/\/www.eghv-suedpfalz.de\/wp-content\/uploads\/2018\/02\/sitzung.png\" data-rel=\"lightbox-gallery-0\" data-rl_title=\"Sitzung\" data-rl_caption=\"Menschen mit und ohne Behinderung halten befinden sich gemeinsam in einer Sitzung\" title=\"Sitzung\"><img loading=\"lazy\" decoding=\"async\" class=\"alignnone size-full wp-image-1557\" src=\"https:\/\/www.eghv-suedpfalz.de\/wp-content\/uploads\/2018\/02\/sitzung.png\" alt=\"Menschen mit und ohne Behinderung halten befinden sich gemeinsam in einer Sitzung\" width=\"500\" height=\"366\"><\/a><\/p>\n<\/div>\n<\/div><\/div><\/div><\/div><\/div><div id=\"pg-3689-9\" class=\"panel-grid panel-has-style\"><div class=\"container-1000 panel-row-style panel-row-style-for-3689-9\"><div id=\"pgc-3689-9-0\" class=\"panel-grid-cell\"><div id=\"panel-3689-9-0-0\" class=\"so-panel widget widget_sow-editor panel-first-child panel-last-child\" data-index=\"14\"><div id=\"AGInteressenvertretung\" class=\"panel-widget-style panel-widget-style-for-3689-9-0-0\"><div class=\"so-widget-sow-editor so-widget-sow-editor-base\">\n<div class=\"siteorigin-widget-tinymce textwidget\">\n\t<hr>\n<\/div>\n<\/div><\/div><\/div><\/div><\/div><\/div><div id=\"pg-3689-10\" class=\"panel-grid panel-has-style\"><div class=\"container-1000 panel-row-style panel-row-style-for-3689-10\"><div id=\"pgc-3689-10-0\" class=\"panel-grid-cell panel-grid-cell-mobile-last\"><div id=\"panel-3689-10-0-0\" class=\"so-panel widget widget_sow-editor panel-first-child panel-last-child\" data-index=\"15\"><div class=\"so-widget-sow-editor so-widget-sow-editor-base\"><h3 class=\"widget-title\">Wer ist der Vorsitzende?<\/h3>\n<div class=\"siteorigin-widget-tinymce textwidget\">\n\t<p>Der <a href=\"https:\/\/www.eghv-suedpfalz.de\/de-ld\/glossar\/vorsitzende\/\" target=\"_self\" title=\"Der Vorsitzende des Verbunds &uuml;bernimmt die Leitung und die Verantwortung f&uuml;r den Verbund.\" class=\"encyclopedia\">Vorsitzende<\/a> des <a href=\"https:\/\/www.eghv-suedpfalz.de\/de-ld\/glossar\/eingliederungshilfe\/\" target=\"_self\" title=\"Menschen mit Behinderung ben&ouml;tigen manchmal die Hilfe von anderen.&nbsp; Manche Menschen k&ouml;nnen das nicht selbst bezahlen. Dann k&ouml;nnen sie das Geld f&uuml;r bestimmte Leistungen vom&hellip;\" class=\"encyclopedia\">Eingliederungs&#9679;hilfe<\/a>&#9679;verbunds ist zur Zeit Herr Christoph Buttweiler vom Landkreis Germersheim.<\/p>\n<\/div>\n<\/div><\/div><\/div><div id=\"pgc-3689-10-1\" class=\"panel-grid-cell panel-grid-cell-empty\"><\/div><\/div><\/div><div id=\"pg-3689-11\" class=\"panel-grid panel-has-style\"><div class=\"container-1000 panel-row-style panel-row-style-for-3689-11\"><div id=\"pgc-3689-11-0\" class=\"panel-grid-cell\"><div id=\"panel-3689-11-0-0\" class=\"so-panel widget widget_sow-editor panel-first-child panel-last-child\" data-index=\"16\"><div id=\"AGInteressenvertretung\" class=\"panel-widget-style panel-widget-style-for-3689-11-0-0\"><div class=\"so-widget-sow-editor so-widget-sow-editor-base\">\n<div class=\"siteorigin-widget-tinymce textwidget\">\n\t<hr>\n<\/div>\n<\/div><\/div><\/div><\/div><\/div><\/div><div id=\"pg-3689-12\" class=\"panel-grid panel-has-style\"><div class=\"container-1000 panel-row-style panel-row-style-for-3689-12\"><div id=\"pgc-3689-12-0\" class=\"panel-grid-cell\"><div id=\"panel-3689-12-0-0\" class=\"so-panel widget widget_sow-editor panel-first-child panel-last-child\" data-index=\"17\"><div class=\"so-widget-sow-editor so-widget-sow-editor-base\"><h3 class=\"widget-title\">Wo ist das B&uuml;ro?<\/h3>\n<div class=\"siteorigin-widget-tinymce textwidget\">\n\t<p>Das B&uuml;ro des <a href=\"https:\/\/www.eghv-suedpfalz.de\/de-ld\/glossar\/eingliederungshilfe\/\" target=\"_self\" title=\"Menschen mit Behinderung ben&ouml;tigen manchmal die Hilfe von anderen.&nbsp; Manche Menschen k&ouml;nnen das nicht selbst bezahlen. Dann k&ouml;nnen sie das Geld f&uuml;r bestimmte Leistungen vom&hellip;\" class=\"encyclopedia\">Eingliederungs&#9679;hilfe<\/a>&#9679;verbunds ist in der Wald&#9679;stra&szlig;e 13 a in Germersheim.<br>\nDas B&uuml;ro leitet Frau Clarissa Hilzendegen <a href=\"https:\/\/www.eghv-suedpfalz.de\/de-ld\/kontakt-anfrage\/\">[Kontakt]<\/a>.<\/p>\n<\/div>\n<\/div><\/div><\/div><div id=\"pgc-3689-12-1\" class=\"panel-grid-cell\"><div id=\"panel-3689-12-1-0\" class=\"so-panel widget widget_sow-editor panel-first-child panel-last-child\" data-index=\"18\"><div class=\"so-widget-sow-editor so-widget-sow-editor-base\">\n<div class=\"siteorigin-widget-tinymce textwidget\">\n\t<\/div>\n<\/div><\/div><\/div><\/div><\/div><\/div>","protected":false},"excerpt":{"rendered":"<p class=\"excerpt\">Die S\u00fcd\u25cfpfalz ist eine Region. Dort befinden sich der Land\u25cfkreis Germersheim, der Land\u25cfkreis S\u00fcdliche Wein\u25cfstra\u00dfe und die Stadt Landau.<\/p>\n","protected":false},"author":1,"featured_media":0,"parent":464,"menu_order":10,"comment_status":"closed","ping_status":"closed","template":"","meta":{"_acf_changed":false,"footnotes":"","_links_to":"","_links_to_target":""},"class_list":["post-3689","page","type-page","status-publish","hentry"],"acf":[],"yoast_head":"<!-- This site is optimized with the Yoast SEO plugin v27.3 - https:\/\/yoast.com\/product\/yoast-seo-wordpress\/ -->\n<title>Informationen und die Geschichte \u00fcber den Eingliederungshilfeverbund<\/title>\n<meta name=\"description\" content=\"Der Eingliederungshilfeverbund ist ein Verbund der Leistungstr\u00e4ger (Sozial\u00e4mter) und Leistungserbringer (Dienste und Einrichtungen der Behindertenhilfe) \u2026\" \/>\n<meta name=\"robots\" content=\"index, follow, max-snippet:-1, max-image-preview:large, max-video-preview:-1\" \/>\n<link rel=\"canonical\" href=\"https:\/\/www.eghv-suedpfalz.de\/de-ld\/der-eingliederungshilfeverbund\/der-verbund\/\" \/>\n<meta property=\"og:locale\" content=\"de_DE\" \/>\n<meta property=\"og:type\" content=\"article\" \/>\n<meta property=\"og:title\" content=\"Informationen und die Geschichte \u00fcber den Eingliederungshilfeverbund\" \/>\n<meta property=\"og:description\" content=\"Der Eingliederungshilfeverbund ist ein Verbund der Leistungstr\u00e4ger (Sozial\u00e4mter) und Leistungserbringer (Dienste und Einrichtungen der Behindertenhilfe) \u2026\" \/>\n<meta property=\"og:url\" content=\"https:\/\/www.eghv-suedpfalz.de\/de-ld\/der-eingliederungshilfeverbund\/der-verbund\/\" \/>\n<meta property=\"og:site_name\" content=\"Eingliederungshilfeverbund Su\u0308dpfalz\" \/>\n<meta property=\"article:modified_time\" content=\"2025-12-17T09:58:22+00:00\" \/>\n<meta property=\"og:image\" content=\"https:\/\/www.eghv-suedpfalz.de\/wp-content\/uploads\/2017\/10\/region-suedpfalz-karte.png\" \/>\n\t<meta property=\"og:image:width\" content=\"500\" \/>\n\t<meta property=\"og:image:height\" content=\"456\" \/>\n\t<meta property=\"og:image:type\" content=\"image\/png\" \/>\n<meta name=\"twitter:card\" content=\"summary_large_image\" \/>\n<meta name=\"twitter:label1\" content=\"Gesch\u00e4tzte Lesezeit\" \/>\n\t<meta name=\"twitter:data1\" content=\"2 minutes\" \/>\n<script type=\"application\/ld+json\" class=\"yoast-schema-graph\">{\"@context\":\"https:\\\/\\\/schema.org\",\"@graph\":[{\"@type\":\"WebPage\",\"@id\":\"https:\\\/\\\/www.eghv-suedpfalz.de\\\/de-ld\\\/der-eingliederungshilfeverbund\\\/der-verbund\\\/\",\"url\":\"https:\\\/\\\/www.eghv-suedpfalz.de\\\/de-ld\\\/der-eingliederungshilfeverbund\\\/der-verbund\\\/\",\"name\":\"Informationen und die Geschichte \u00fcber den Eingliederungshilfeverbund\",\"isPartOf\":{\"@id\":\"https:\\\/\\\/www.eghv-suedpfalz.de\\\/#website\"},\"primaryImageOfPage\":{\"@id\":\"https:\\\/\\\/www.eghv-suedpfalz.de\\\/de-ld\\\/der-eingliederungshilfeverbund\\\/der-verbund\\\/#primaryimage\"},\"image\":{\"@id\":\"https:\\\/\\\/www.eghv-suedpfalz.de\\\/de-ld\\\/der-eingliederungshilfeverbund\\\/der-verbund\\\/#primaryimage\"},\"thumbnailUrl\":\"https:\\\/\\\/www.eghv-suedpfalz.de\\\/wp-content\\\/uploads\\\/2020\\\/04\\\/Landkarte3-800x754.png\",\"datePublished\":\"2020-03-26T10:09:14+00:00\",\"dateModified\":\"2025-12-17T09:58:22+00:00\",\"description\":\"Der Eingliederungshilfeverbund ist ein Verbund der Leistungstr\u00e4ger (Sozial\u00e4mter) und Leistungserbringer (Dienste und Einrichtungen der Behindertenhilfe) \u2026\",\"breadcrumb\":{\"@id\":\"https:\\\/\\\/www.eghv-suedpfalz.de\\\/de-ld\\\/der-eingliederungshilfeverbund\\\/der-verbund\\\/#breadcrumb\"},\"inLanguage\":\"de-DE-formal\",\"potentialAction\":[{\"@type\":\"ReadAction\",\"target\":[\"https:\\\/\\\/www.eghv-suedpfalz.de\\\/de-ld\\\/der-eingliederungshilfeverbund\\\/der-verbund\\\/\"]}]},{\"@type\":\"ImageObject\",\"inLanguage\":\"de-DE-formal\",\"@id\":\"https:\\\/\\\/www.eghv-suedpfalz.de\\\/de-ld\\\/der-eingliederungshilfeverbund\\\/der-verbund\\\/#primaryimage\",\"url\":\"https:\\\/\\\/www.eghv-suedpfalz.de\\\/wp-content\\\/uploads\\\/2020\\\/04\\\/Landkarte3-800x754.png\",\"contentUrl\":\"https:\\\/\\\/www.eghv-suedpfalz.de\\\/wp-content\\\/uploads\\\/2020\\\/04\\\/Landkarte3-800x754.png\"},{\"@type\":\"BreadcrumbList\",\"@id\":\"https:\\\/\\\/www.eghv-suedpfalz.de\\\/de-ld\\\/der-eingliederungshilfeverbund\\\/der-verbund\\\/#breadcrumb\",\"itemListElement\":[{\"@type\":\"ListItem\",\"position\":1,\"name\":\"Startseite\",\"item\":\"https:\\\/\\\/www.eghv-suedpfalz.de\\\/\"},{\"@type\":\"ListItem\",\"position\":2,\"name\":\"Der Eingliederungshilfeverbund\",\"item\":\"https:\\\/\\\/www.eghv-suedpfalz.de\\\/de-ld\\\/der-eingliederungshilfeverbund\\\/der-verbund\\\/\"},{\"@type\":\"ListItem\",\"position\":3,\"name\":\"Der Verbund\"}]},{\"@type\":\"WebSite\",\"@id\":\"https:\\\/\\\/www.eghv-suedpfalz.de\\\/#website\",\"url\":\"https:\\\/\\\/www.eghv-suedpfalz.de\\\/\",\"name\":\"Eingliederungshilfeverbund Su\u0308dpfalz\",\"description\":\"\",\"potentialAction\":[{\"@type\":\"SearchAction\",\"target\":{\"@type\":\"EntryPoint\",\"urlTemplate\":\"https:\\\/\\\/www.eghv-suedpfalz.de\\\/?s={search_term_string}\"},\"query-input\":{\"@type\":\"PropertyValueSpecification\",\"valueRequired\":true,\"valueName\":\"search_term_string\"}}],\"inLanguage\":\"de-DE-formal\"}]}<\/script>\n<!-- \/ Yoast SEO plugin. -->","yoast_head_json":{"title":"Informationen und die Geschichte \u00fcber den Eingliederungshilfeverbund","description":"Der Eingliederungshilfeverbund ist ein Verbund der Leistungstr\u00e4ger (Sozial\u00e4mter) und Leistungserbringer (Dienste und Einrichtungen der Behindertenhilfe) \u2026","robots":{"index":"index","follow":"follow","max-snippet":"max-snippet:-1","max-image-preview":"max-image-preview:large","max-video-preview":"max-video-preview:-1"},"canonical":"https:\/\/www.eghv-suedpfalz.de\/de-ld\/der-eingliederungshilfeverbund\/der-verbund\/","og_locale":"de_DE","og_type":"article","og_title":"Informationen und die Geschichte \u00fcber den Eingliederungshilfeverbund","og_description":"Der Eingliederungshilfeverbund ist ein Verbund der Leistungstr\u00e4ger (Sozial\u00e4mter) und Leistungserbringer (Dienste und Einrichtungen der Behindertenhilfe) \u2026","og_url":"https:\/\/www.eghv-suedpfalz.de\/de-ld\/der-eingliederungshilfeverbund\/der-verbund\/","og_site_name":"Eingliederungshilfeverbund Su\u0308dpfalz","article_modified_time":"2025-12-17T09:58:22+00:00","og_image":[{"width":500,"height":456,"url":"https:\/\/www.eghv-suedpfalz.de\/wp-content\/uploads\/2017\/10\/region-suedpfalz-karte.png","type":"image\/png"}],"twitter_card":"summary_large_image","twitter_misc":{"Gesch\u00e4tzte Lesezeit":"2 minutes"},"schema":{"@context":"https:\/\/schema.org","@graph":[{"@type":"WebPage","@id":"https:\/\/www.eghv-suedpfalz.de\/de-ld\/der-eingliederungshilfeverbund\/der-verbund\/","url":"https:\/\/www.eghv-suedpfalz.de\/de-ld\/der-eingliederungshilfeverbund\/der-verbund\/","name":"Informationen und die Geschichte \u00fcber den Eingliederungshilfeverbund","isPartOf":{"@id":"https:\/\/www.eghv-suedpfalz.de\/#website"},"primaryImageOfPage":{"@id":"https:\/\/www.eghv-suedpfalz.de\/de-ld\/der-eingliederungshilfeverbund\/der-verbund\/#primaryimage"},"image":{"@id":"https:\/\/www.eghv-suedpfalz.de\/de-ld\/der-eingliederungshilfeverbund\/der-verbund\/#primaryimage"},"thumbnailUrl":"https:\/\/www.eghv-suedpfalz.de\/wp-content\/uploads\/2020\/04\/Landkarte3-800x754.png","datePublished":"2020-03-26T10:09:14+00:00","dateModified":"2025-12-17T09:58:22+00:00","description":"Der Eingliederungshilfeverbund ist ein Verbund der Leistungstr\u00e4ger (Sozial\u00e4mter) und Leistungserbringer (Dienste und Einrichtungen der Behindertenhilfe) \u2026","breadcrumb":{"@id":"https:\/\/www.eghv-suedpfalz.de\/de-ld\/der-eingliederungshilfeverbund\/der-verbund\/#breadcrumb"},"inLanguage":"de-DE-formal","potentialAction":[{"@type":"ReadAction","target":["https:\/\/www.eghv-suedpfalz.de\/de-ld\/der-eingliederungshilfeverbund\/der-verbund\/"]}]},{"@type":"ImageObject","inLanguage":"de-DE-formal","@id":"https:\/\/www.eghv-suedpfalz.de\/de-ld\/der-eingliederungshilfeverbund\/der-verbund\/#primaryimage","url":"https:\/\/www.eghv-suedpfalz.de\/wp-content\/uploads\/2020\/04\/Landkarte3-800x754.png","contentUrl":"https:\/\/www.eghv-suedpfalz.de\/wp-content\/uploads\/2020\/04\/Landkarte3-800x754.png"},{"@type":"BreadcrumbList","@id":"https:\/\/www.eghv-suedpfalz.de\/de-ld\/der-eingliederungshilfeverbund\/der-verbund\/#breadcrumb","itemListElement":[{"@type":"ListItem","position":1,"name":"Startseite","item":"https:\/\/www.eghv-suedpfalz.de\/"},{"@type":"ListItem","position":2,"name":"Der Eingliederungshilfeverbund","item":"https:\/\/www.eghv-suedpfalz.de\/de-ld\/der-eingliederungshilfeverbund\/der-verbund\/"},{"@type":"ListItem","position":3,"name":"Der Verbund"}]},{"@type":"WebSite","@id":"https:\/\/www.eghv-suedpfalz.de\/#website","url":"https:\/\/www.eghv-suedpfalz.de\/","name":"Eingliederungshilfeverbund Su\u0308dpfalz","description":"","potentialAction":[{"@type":"SearchAction","target":{"@type":"EntryPoint","urlTemplate":"https:\/\/www.eghv-suedpfalz.de\/?s={search_term_string}"},"query-input":{"@type":"PropertyValueSpecification","valueRequired":true,"valueName":"search_term_string"}}],"inLanguage":"de-DE-formal"}]}},"_links":{"self":[{"href":"https:\/\/www.eghv-suedpfalz.de\/de-ld\/wp-json\/wp\/v2\/pages\/3689","targetHints":{"allow":["GET"]}}],"collection":[{"href":"https:\/\/www.eghv-suedpfalz.de\/de-ld\/wp-json\/wp\/v2\/pages"}],"about":[{"href":"https:\/\/www.eghv-suedpfalz.de\/de-ld\/wp-json\/wp\/v2\/types\/page"}],"author":[{"embeddable":true,"href":"https:\/\/www.eghv-suedpfalz.de\/de-ld\/wp-json\/wp\/v2\/users\/1"}],"replies":[{"embeddable":true,"href":"https:\/\/www.eghv-suedpfalz.de\/de-ld\/wp-json\/wp\/v2\/comments?post=3689"}],"version-history":[{"count":12,"href":"https:\/\/www.eghv-suedpfalz.de\/de-ld\/wp-json\/wp\/v2\/pages\/3689\/revisions"}],"predecessor-version":[{"id":5844,"href":"https:\/\/www.eghv-suedpfalz.de\/de-ld\/wp-json\/wp\/v2\/pages\/3689\/revisions\/5844"}],"up":[{"embeddable":true,"href":"https:\/\/www.eghv-suedpfalz.de\/de-ld\/wp-json\/wp\/v2\/pages\/464"}],"wp:attachment":[{"href":"https:\/\/www.eghv-suedpfalz.de\/de-ld\/wp-json\/wp\/v2\/media?parent=3689"}],"curies":[{"name":"wp","href":"https:\/\/api.w.org\/{rel}","templated":true}]}}