{"id":1820,"date":"2018-04-18T08:20:12","date_gmt":"2018-04-18T06:20:12","guid":{"rendered":"https:\/\/www.eghv-suedpfalz.de\/?page_id=1820"},"modified":"2018-04-18T13:27:52","modified_gmt":"2018-04-18T11:27:52","slug":"standorte","status":"publish","type":"page","link":"https:\/\/www.eghv-suedpfalz.de\/de-ld\/angebotssuche\/standorte\/","title":{"rendered":"Standorte"},"content":{"rendered":"<table class=\"tabelle tablesorter\" id=\"sortiertabelle\">\n<thead>\n<tr>\n<th class=\"ort\">Ort<\/th>\n<th class=\"landkreis\">Landkreis<\/th>\n<th class=\"verbandsgemeinde\">Verbandsgemeinde<\/th>\n<\/tr>\n<\/thead>\n<tbody>\n<tr>\n<td>Albersweiler<\/td>\n<td>Landkreis S&uuml;dliche Weinstra&szlig;e<\/td>\n<td>Verbandsgemeinde Annweiler am Trifels<\/td>\n<\/tr>\n<tr>\n<td>Annweiler am Trifels<\/td>\n<td>Landkreis S&uuml;dliche Weinstra&szlig;e<\/td>\n<td>Verbandsgemeinde Annweiler am Trifels<\/td>\n<\/tr>\n<tr>\n<td>Dernbach<\/td>\n<td>Landkreis S&uuml;dliche Weinstra&szlig;e<\/td>\n<td>Verbandsgemeinde Annweiler am Trifels<\/td>\n<\/tr>\n<tr>\n<td>Eu&szlig;erthal<\/td>\n<td>Landkreis S&uuml;dliche Weinstra&szlig;e<\/td>\n<td>Verbandsgemeinde Annweiler am Trifels<\/td>\n<\/tr>\n<tr>\n<td>Gossersweiler-Stein<\/td>\n<td>Landkreis S&uuml;dliche Weinstra&szlig;e<\/td>\n<td>Verbandsgemeinde Annweiler am Trifels<\/td>\n<\/tr>\n<tr>\n<td>M&uuml;nchweiler am Klingbach<\/td>\n<td>Landkreis S&uuml;dliche Weinstra&szlig;e<\/td>\n<td>Verbandsgemeinde Annweiler am Trifels<\/td>\n<\/tr>\n<tr>\n<td>Ramberg<\/td>\n<td>Landkreis S&uuml;dliche Weinstra&szlig;e<\/td>\n<td>Verbandsgemeinde Annweiler am Trifels<\/td>\n<\/tr>\n<tr>\n<td>Rinnthal<\/td>\n<td>Landkreis S&uuml;dliche Weinstra&szlig;e<\/td>\n<td>Verbandsgemeinde Annweiler am Trifels<\/td>\n<\/tr>\n<tr>\n<td>Silz<\/td>\n<td>Landkreis S&uuml;dliche Weinstra&szlig;e<\/td>\n<td>Verbandsgemeinde Annweiler am Trifels<\/td>\n<\/tr>\n<tr>\n<td>V&ouml;lkersweiler<\/td>\n<td>Landkreis S&uuml;dliche Weinstra&szlig;e<\/td>\n<td>Verbandsgemeinde Annweiler am Trifels<\/td>\n<\/tr>\n<tr>\n<td>Waldhambach<\/td>\n<td>Landkreis S&uuml;dliche Weinstra&szlig;e<\/td>\n<td>Verbandsgemeinde Annweiler am Trifels<\/td>\n<\/tr>\n<tr>\n<td>Waldrohrbach<\/td>\n<td>Landkreis S&uuml;dliche Weinstra&szlig;e<\/td>\n<td>Verbandsgemeinde Annweiler am Trifels<\/td>\n<\/tr>\n<tr>\n<td>Wernersberg<\/td>\n<td>Landkreis S&uuml;dliche Weinstra&szlig;e<\/td>\n<td>Verbandsgemeinde Annweiler am Trifels<\/td>\n<\/tr>\n<tr>\n<td>Bad Bergzabern<\/td>\n<td>Landkreis S&uuml;dliche Weinstra&szlig;e<\/td>\n<td>Verbandsgemeinde Bad Bergzabern<\/td>\n<\/tr>\n<tr>\n<td>Babelroth<\/td>\n<td>Landkreis S&uuml;dliche Weinstra&szlig;e<\/td>\n<td>Verbandsgemeinde Bad Bergzabern<\/td>\n<\/tr>\n<tr>\n<td>Birkenh&ouml;rdt<\/td>\n<td>Landkreis S&uuml;dliche Weinstra&szlig;e<\/td>\n<td>Verbandsgemeinde Bad Bergzabern<\/td>\n<\/tr>\n<tr>\n<td>B&ouml;llenborn<\/td>\n<td>Landkreis S&uuml;dliche Weinstra&szlig;e<\/td>\n<td>Verbandsgemeinde Bad Bergzabern<\/td>\n<\/tr>\n<tr>\n<td>Dierbach<\/td>\n<td>Landkreis S&uuml;dliche Weinstra&szlig;e<\/td>\n<td>Verbandsgemeinde Bad Bergzabern<\/td>\n<\/tr>\n<tr>\n<td>D&ouml;rrenbach<\/td>\n<td>Landkreis S&uuml;dliche Weinstra&szlig;e<\/td>\n<td>Verbandsgemeinde Bad Bergzabern<\/td>\n<\/tr>\n<tr>\n<td>Gleiszellen-Gleishorbach<\/td>\n<td>Landkreis S&uuml;dliche Weinstra&szlig;e<\/td>\n<td>Verbandsgemeinde Bad Bergzabern<\/td>\n<\/tr>\n<tr>\n<td>Hergesweiler<\/td>\n<td>Landkreis S&uuml;dliche Weinstra&szlig;e<\/td>\n<td>Verbandsgemeinde Bad Bergzabern<\/td>\n<\/tr>\n<tr>\n<td>Kapellen-Drusweiler<\/td>\n<td>Landkreis S&uuml;dliche Weinstra&szlig;e<\/td>\n<td>Verbandsgemeinde Bad Bergzabern<\/td>\n<\/tr>\n<tr>\n<td>Kapsweyer<\/td>\n<td>Landkreis S&uuml;dliche Weinstra&szlig;e<\/td>\n<td>Verbandsgemeinde Bad Bergzabern<\/td>\n<\/tr>\n<tr>\n<td>Klingenm&uuml;nster<\/td>\n<td>Landkreis S&uuml;dliche Weinstra&szlig;e<\/td>\n<td>Verbandsgemeinde Bad Bergzabern<\/td>\n<\/tr>\n<tr>\n<td>Niederhorbach<\/td>\n<td>Landkreis S&uuml;dliche Weinstra&szlig;e<\/td>\n<td>Verbandsgemeinde Bad Bergzabern<\/td>\n<\/tr>\n<tr>\n<td>Niederotterbach<\/td>\n<td>Landkreis S&uuml;dliche Weinstra&szlig;e<\/td>\n<td>Verbandsgemeinde Bad Bergzabern<\/td>\n<\/tr>\n<tr>\n<td>Oberhausen<\/td>\n<td>Landkreis S&uuml;dliche Weinstra&szlig;e<\/td>\n<td>Verbandsgemeinde Bad Bergzabern<\/td>\n<\/tr>\n<tr>\n<td>Oberotterbach<\/td>\n<td>Landkreis S&uuml;dliche Weinstra&szlig;e<\/td>\n<td>Verbandsgemeinde Bad Bergzabern<\/td>\n<\/tr>\n<tr>\n<td>Oberschlettenbach<\/td>\n<td>Landkreis S&uuml;dliche Weinstra&szlig;e<\/td>\n<td>Verbandsgemeinde Bad Bergzabern<\/td>\n<\/tr>\n<tr>\n<td>Pleisweiler-Oberhofen<\/td>\n<td>Landkreis S&uuml;dliche Weinstra&szlig;e<\/td>\n<td>Verbandsgemeinde Bad Bergzabern<\/td>\n<\/tr>\n<tr>\n<td>Schweigen-Rechtenbach<\/td>\n<td>Landkreis S&uuml;dliche Weinstra&szlig;e<\/td>\n<td>Verbandsgemeinde Bad Bergzabern<\/td>\n<\/tr>\n<tr>\n<td>Schweighofen<\/td>\n<td>Landkreis S&uuml;dliche Weinstra&szlig;e<\/td>\n<td>Verbandsgemeinde Bad Bergzabern<\/td>\n<\/tr>\n<tr>\n<td>Steinfeld<\/td>\n<td>Landkreis S&uuml;dliche Weinstra&szlig;e<\/td>\n<td>Verbandsgemeinde Bad Bergzabern<\/td>\n<\/tr>\n<tr>\n<td>Vorderweidenthal<\/td>\n<td>Landkreis S&uuml;dliche Weinstra&szlig;e<\/td>\n<td>Verbandsgemeinde Bad Bergzabern<\/td>\n<\/tr>\n<tr>\n<td>Altdorf<\/td>\n<td>Landkreis S&uuml;dliche Weinstra&szlig;e<\/td>\n<td>Verbandsgemeinde Edenkoben<\/td>\n<\/tr>\n<tr>\n<td>B&ouml;bingen<\/td>\n<td>Landkreis S&uuml;dliche Weinstra&szlig;e<\/td>\n<td>Verbandsgemeinde Edenkoben<\/td>\n<\/tr>\n<tr>\n<td>Burrweiler<\/td>\n<td>Landkreis S&uuml;dliche Weinstra&szlig;e<\/td>\n<td>Verbandsgemeinde Edenkoben<\/td>\n<\/tr>\n<tr>\n<td>Edenkoben<\/td>\n<td>Landkreis S&uuml;dliche Weinstra&szlig;e<\/td>\n<td>Verbandsgemeinde Edenkoben<\/td>\n<\/tr>\n<tr>\n<td>Edesheim<\/td>\n<td>Landkreis S&uuml;dliche Weinstra&szlig;e<\/td>\n<td>Verbandsgemeinde Edenkoben<\/td>\n<\/tr>\n<tr>\n<td>Flemlingen<\/td>\n<td>Landkreis S&uuml;dliche Weinstra&szlig;e<\/td>\n<td>Verbandsgemeinde Edenkoben<\/td>\n<\/tr>\n<tr>\n<td>Freimersheim<\/td>\n<td>Landkreis S&uuml;dliche Weinstra&szlig;e<\/td>\n<td>Verbandsgemeinde Edenkoben<\/td>\n<\/tr>\n<tr>\n<td>Gleisweiler<\/td>\n<td>Landkreis S&uuml;dliche Weinstra&szlig;e<\/td>\n<td>Verbandsgemeinde Edenkoben<\/td>\n<\/tr>\n<tr>\n<td>Gommersheim<\/td>\n<td>Landkreis S&uuml;dliche Weinstra&szlig;e<\/td>\n<td>Verbandsgemeinde Edenkoben<\/td>\n<\/tr>\n<tr>\n<td>Gro&szlig;fischlingen<\/td>\n<td>Landkreis S&uuml;dliche Weinstra&szlig;e<\/td>\n<td>Verbandsgemeinde Edenkoben<\/td>\n<\/tr>\n<tr>\n<td>Hainfeld<\/td>\n<td>Landkreis S&uuml;dliche Weinstra&szlig;e<\/td>\n<td>Verbandsgemeinde Edenkoben<\/td>\n<\/tr>\n<tr>\n<td>Kleinfischlingen<\/td>\n<td>Landkreis S&uuml;dliche Weinstra&szlig;e<\/td>\n<td>Verbandsgemeinde Edenkoben<\/td>\n<\/tr>\n<tr>\n<td>Rhodt unter Riedburg<\/td>\n<td>Landkreis S&uuml;dliche Weinstra&szlig;e<\/td>\n<td>Verbandsgemeinde Edenkoben<\/td>\n<\/tr>\n<tr>\n<td>Roschbach<\/td>\n<td>Landkreis S&uuml;dliche Weinstra&szlig;e<\/td>\n<td>Verbandsgemeinde Edenkoben<\/td>\n<\/tr>\n<tr>\n<td>Venningen<\/td>\n<td>Landkreis S&uuml;dliche Weinstra&szlig;e<\/td>\n<td>Verbandsgemeinde Edenkoben<\/td>\n<\/tr>\n<tr>\n<td>Weyher in der Pfalz<\/td>\n<td>Landkreis S&uuml;dliche Weinstra&szlig;e<\/td>\n<td>Verbandsgemeinde Edenkoben<\/td>\n<\/tr>\n<tr>\n<td>Herxheim<\/td>\n<td>Landkreis S&uuml;dliche Weinstra&szlig;e<\/td>\n<td>Verbandsgemeinde Herxheim<\/td>\n<\/tr>\n<tr>\n<td>Herxheimweyher<\/td>\n<td>Landkreis S&uuml;dliche Weinstra&szlig;e<\/td>\n<td>Verbandsgemeinde Herxheim<\/td>\n<\/tr>\n<tr>\n<td>Insheim<\/td>\n<td>Landkreis S&uuml;dliche Weinstra&szlig;e<\/td>\n<td>Verbandsgemeinde Herxheim<\/td>\n<\/tr>\n<tr>\n<td>Rohrbach<\/td>\n<td>Landkreis S&uuml;dliche Weinstra&szlig;e<\/td>\n<td>Verbandsgemeinde Herxheim<\/td>\n<\/tr>\n<tr>\n<td>Billigheim-Ingenheim<\/td>\n<td>Landkreis S&uuml;dliche Weinstra&szlig;e<\/td>\n<td>Verbandsgemeinde Landau-Land<\/td>\n<\/tr>\n<tr>\n<td>Birkweiler<\/td>\n<td>Landkreis S&uuml;dliche Weinstra&szlig;e<\/td>\n<td>Verbandsgemeinde Landau-Land<\/td>\n<\/tr>\n<tr>\n<td>B&ouml;chingen<\/td>\n<td>Landkreis S&uuml;dliche Weinstra&szlig;e<\/td>\n<td>Verbandsgemeinde Landau-Land<\/td>\n<\/tr>\n<tr>\n<td>Eschbach<\/td>\n<td>Landkreis S&uuml;dliche Weinstra&szlig;e<\/td>\n<td>Verbandsgemeinde Landau-Land<\/td>\n<\/tr>\n<tr>\n<td>Frankweiler<\/td>\n<td>Landkreis S&uuml;dliche Weinstra&szlig;e<\/td>\n<td>Verbandsgemeinde Landau-Land<\/td>\n<\/tr>\n<tr>\n<td>G&ouml;cklingen<\/td>\n<td>Landkreis S&uuml;dliche Weinstra&szlig;e<\/td>\n<td>Verbandsgemeinde Landau-Land<\/td>\n<\/tr>\n<tr>\n<td>Heuchelheim-Klingen<\/td>\n<td>Landkreis S&uuml;dliche Weinstra&szlig;e<\/td>\n<td>Verbandsgemeinde Landau-Land<\/td>\n<\/tr>\n<tr>\n<td>Ilbesheim<\/td>\n<td>Landkreis S&uuml;dliche Weinstra&szlig;e<\/td>\n<td>Verbandsgemeinde Landau-Land<\/td>\n<\/tr>\n<tr>\n<td>Impflingen<\/td>\n<td>Landkreis S&uuml;dliche Weinstra&szlig;e<\/td>\n<td>Verbandsgemeinde Landau-Land<\/td>\n<\/tr>\n<tr>\n<td>Kn&ouml;ringen<\/td>\n<td>Landkreis S&uuml;dliche Weinstra&szlig;e<\/td>\n<td>Verbandsgemeinde Landau-Land<\/td>\n<\/tr>\n<tr>\n<td>Leinsweiler<\/td>\n<td>Landkreis S&uuml;dliche Weinstra&szlig;e<\/td>\n<td>Verbandsgemeinde Landau-Land<\/td>\n<\/tr>\n<tr>\n<td>Ranschbach<\/td>\n<td>Landkreis S&uuml;dliche Weinstra&szlig;e<\/td>\n<td>Verbandsgemeinde Landau-Land<\/td>\n<\/tr>\n<tr>\n<td>Siebeldingen<\/td>\n<td>Landkreis S&uuml;dliche Weinstra&szlig;e<\/td>\n<td>Verbandsgemeinde Landau-Land<\/td>\n<\/tr>\n<tr>\n<td>Walsheim<\/td>\n<td>Landkreis S&uuml;dliche Weinstra&szlig;e<\/td>\n<td>Verbandsgemeinde Landau-Land<\/td>\n<\/tr>\n<tr>\n<td>Kirrweiler<\/td>\n<td>Landkreis S&uuml;dliche Weinstra&szlig;e<\/td>\n<td>Verbandsgemeinde Maikammer<\/td>\n<\/tr>\n<tr>\n<td>Maikammer<\/td>\n<td>Landkreis S&uuml;dliche Weinstra&szlig;e<\/td>\n<td>Verbandsgemeinde Maikammer<\/td>\n<\/tr>\n<tr>\n<td>Sankt Martin<\/td>\n<td>Landkreis S&uuml;dliche Weinstra&szlig;e<\/td>\n<td>Verbandsgemeinde Maikammer<\/td>\n<\/tr>\n<tr>\n<td>Bornheim<\/td>\n<td>Landkreis S&uuml;dliche Weinstra&szlig;e<\/td>\n<td>Verbandsgemeinde Offenbach an der Queich<\/td>\n<\/tr>\n<tr>\n<td>Essingen<\/td>\n<td>Landkreis S&uuml;dliche Weinstra&szlig;e<\/td>\n<td>Verbandsgemeinde Offenbach an der Queich<\/td>\n<\/tr>\n<tr>\n<td>Hochstadt<\/td>\n<td>Landkreis S&uuml;dliche Weinstra&szlig;e<\/td>\n<td>Verbandsgemeinde Offenbach an der Queich<\/td>\n<\/tr>\n<tr>\n<td>Offenbach an der Queich<\/td>\n<td>Landkreis S&uuml;dliche Weinstra&szlig;e<\/td>\n<td>Verbandsgemeinde Offenbach an der Queich<\/td>\n<\/tr>\n<tr>\n<td>Bellheim<\/td>\n<td>Landkreis Germersheim<\/td>\n<td>Verbandsgemeinde Bellheim<\/td>\n<\/tr>\n<tr>\n<td>Knittelsheim<\/td>\n<td>Landkreis Germersheim<\/td>\n<td>Verbandsgemeinde Bellheim<\/td>\n<\/tr>\n<tr>\n<td>Ottersheim<\/td>\n<td>Landkreis Germersheim<\/td>\n<td>Verbandsgemeinde Bellheim<\/td>\n<\/tr>\n<tr>\n<td>Zeiskam<\/td>\n<td>Landkreis Germersheim<\/td>\n<td>Verbandsgemeinde Bellheim<\/td>\n<\/tr>\n<tr>\n<td>Berg<\/td>\n<td>Landkreis Germersheim<\/td>\n<td>Verbandsgemeinde Hagenbach<\/td>\n<\/tr>\n<tr>\n<td>Hagenbach<\/td>\n<td>Landkreis Germersheim<\/td>\n<td>Verbandsgemeinde Hagenbach<\/td>\n<\/tr>\n<tr>\n<td>Neuburg am Rhein<\/td>\n<td>Landkreis Germersheim<\/td>\n<td>Verbandsgemeinde Hagenbach<\/td>\n<\/tr>\n<tr>\n<td>Scheibenhardt<\/td>\n<td>Landkreis Germersheim<\/td>\n<td>Verbandsgemeinde Hagenbach<\/td>\n<\/tr>\n<tr>\n<td>Hatzenb&uuml;hl<\/td>\n<td>Landkreis Germersheim<\/td>\n<td>Verbandsgemeinde Jockgrim<\/td>\n<\/tr>\n<tr>\n<td>Jockgrim<\/td>\n<td>Landkreis Germersheim<\/td>\n<td>Verbandsgemeinde Jockgrim<\/td>\n<\/tr>\n<tr>\n<td>Neupotz<\/td>\n<td>Landkreis Germersheim<\/td>\n<td>Verbandsgemeinde Jockgrim<\/td>\n<\/tr>\n<tr>\n<td>Rheinzabern<\/td>\n<td>Landkreis Germersheim<\/td>\n<td>Verbandsgemeinde Jockgrim<\/td>\n<\/tr>\n<tr>\n<td>Erlenbach bei Kandel<\/td>\n<td>Landkreis Germersheim<\/td>\n<td>Verbandsgemeinde Kandel<\/td>\n<\/tr>\n<tr>\n<td>Freckenfeld<\/td>\n<td>Landkreis Germersheim<\/td>\n<td>Verbandsgemeinde Kandel<\/td>\n<\/tr>\n<tr>\n<td>Kandel<\/td>\n<td>Landkreis Germersheim<\/td>\n<td>Verbandsgemeinde Kandel<\/td>\n<\/tr>\n<tr>\n<td>Minfeld<\/td>\n<td>Landkreis Germersheim<\/td>\n<td>Verbandsgemeinde Kandel<\/td>\n<\/tr>\n<tr>\n<td>Steinweiler<\/td>\n<td>Landkreis Germersheim<\/td>\n<td>Verbandsgemeinde Kandel<\/td>\n<\/tr>\n<tr>\n<td>Vollmersweiler<\/td>\n<td>Landkreis Germersheim<\/td>\n<td>Verbandsgemeinde Kandel<\/td>\n<\/tr>\n<tr>\n<td>Winden<\/td>\n<td>Landkreis Germersheim<\/td>\n<td>Verbandsgemeinde Kandel<\/td>\n<\/tr>\n<tr>\n<td>Freisbach<\/td>\n<td>Landkreis Germersheim<\/td>\n<td>Verbandsgemeinde Lingenfeld<\/td>\n<\/tr>\n<tr>\n<td>Lingenfeld<\/td>\n<td>Landkreis Germersheim<\/td>\n<td>Verbandsgemeinde Lingenfeld<\/td>\n<\/tr>\n<tr>\n<td>Lustadt<\/td>\n<td>Landkreis Germersheim<\/td>\n<td>Verbandsgemeinde Lingenfeld<\/td>\n<\/tr>\n<tr>\n<td>Schwegenheim<\/td>\n<td>Landkreis Germersheim<\/td>\n<td>Verbandsgemeinde Lingenfeld<\/td>\n<\/tr>\n<tr>\n<td>Weingarten (Pfalz)<\/td>\n<td>Landkreis Germersheim<\/td>\n<td>Verbandsgemeinde Lingenfeld<\/td>\n<\/tr>\n<tr>\n<td>Westheim (Pfalz)<\/td>\n<td>Landkreis Germersheim<\/td>\n<td>Verbandsgemeinde Lingenfeld<\/td>\n<\/tr>\n<tr>\n<td>H&ouml;rdt<\/td>\n<td>Landkreis Germersheim<\/td>\n<td>Verbandsgemeinde R&uuml;lzheim<\/td>\n<\/tr>\n<tr>\n<td>Kuhardt<\/td>\n<td>Landkreis Germersheim<\/td>\n<td>Verbandsgemeinde R&uuml;lzheim<\/td>\n<\/tr>\n<tr>\n<td>Leimersheim<\/td>\n<td>Landkreis Germersheim<\/td>\n<td>Verbandsgemeinde R&uuml;lzheim<\/td>\n<\/tr>\n<tr>\n<td>R&uuml;lzheim<\/td>\n<td>Landkreis Germersheim<\/td>\n<td>Verbandsgemeinde R&uuml;lzheim<\/td>\n<\/tr>\n<tr>\n<td>W&ouml;rth<\/td>\n<td>Landkreis Germersheim<\/td>\n<td>W&ouml;rth am Rhein<\/td>\n<\/tr>\n<tr>\n<td>Bobenthal<\/td>\n<td>Landkreis S&uuml;dwestpfalz<\/td>\n<td>Verbandsgemeinde Dahner Felsenland<\/td>\n<\/tr>\n<tr>\n<td>Bruchweiler-B&auml;renbach<\/td>\n<td>Landkreis S&uuml;dwestpfalz<\/td>\n<td>Verbandsgemeinde Dahner Felsenland<\/td>\n<\/tr>\n<tr>\n<td>Bundenthal<\/td>\n<td>Landkreis S&uuml;dwestpfalz<\/td>\n<td>Verbandsgemeinde Dahner Felsenland<\/td>\n<\/tr>\n<tr>\n<td>Busenberg<\/td>\n<td>Landkreis S&uuml;dwestpfalz<\/td>\n<td>Verbandsgemeinde Dahner Felsenland<\/td>\n<\/tr>\n<tr>\n<td>Dahn<\/td>\n<td>Landkreis S&uuml;dwestpfalz<\/td>\n<td>Verbandsgemeinde Dahner Felsenland<\/td>\n<\/tr>\n<tr>\n<td>Erfweiler<\/td>\n<td>Landkreis S&uuml;dwestpfalz<\/td>\n<td>Verbandsgemeinde Dahner Felsenland<\/td>\n<\/tr>\n<tr>\n<td>Erlenbach bei Dahn<\/td>\n<td>Landkreis S&uuml;dwestpfalz<\/td>\n<td>Verbandsgemeinde Dahner Felsenland<\/td>\n<\/tr>\n<tr>\n<td>Fischbach bei Dahn<\/td>\n<td>Landkreis S&uuml;dwestpfalz<\/td>\n<td>Verbandsgemeinde Dahner Felsenland<\/td>\n<\/tr>\n<tr>\n<td>Hirschthal<\/td>\n<td>Landkreis S&uuml;dwestpfalz<\/td>\n<td>Verbandsgemeinde Dahner Felsenland<\/td>\n<\/tr>\n<tr>\n<td>Ludwigswinkel<\/td>\n<td>Landkreis S&uuml;dwestpfalz<\/td>\n<td>Verbandsgemeinde Dahner Felsenland<\/td>\n<\/tr>\n<tr>\n<td>Niederschlettenbach<\/td>\n<td>Landkreis S&uuml;dwestpfalz<\/td>\n<td>Verbandsgemeinde Dahner Felsenland<\/td>\n<\/tr>\n<tr>\n<td>Nothweiler<\/td>\n<td>Landkreis S&uuml;dwestpfalz<\/td>\n<td>Verbandsgemeinde Dahner Felsenland<\/td>\n<\/tr>\n<tr>\n<td>Rumbach<\/td>\n<td>Landkreis S&uuml;dwestpfalz<\/td>\n<td>Verbandsgemeinde Dahner Felsenland<\/td>\n<\/tr>\n<tr>\n<td>Schindhard<\/td>\n<td>Landkreis S&uuml;dwestpfalz<\/td>\n<td>Verbandsgemeinde Dahner Felsenland<\/td>\n<\/tr>\n<tr>\n<td>Darstein<\/td>\n<td>Landkreis S&uuml;dwestpfalz<\/td>\n<td>Verbandsgemeinde Hauenstein<\/td>\n<\/tr>\n<tr>\n<td>Dimbach<\/td>\n<td>Landkreis S&uuml;dwestpfalz<\/td>\n<td>Verbandsgemeinde Hauenstein<\/td>\n<\/tr>\n<tr>\n<td>Hauenstein<\/td>\n<td>Landkreis S&uuml;dwestpfalz<\/td>\n<td>Verbandsgemeinde Hauenstein<\/td>\n<\/tr>\n<tr>\n<td>Hinterweidenthal<\/td>\n<td>Landkreis S&uuml;dwestpfalz<\/td>\n<td>Verbandsgemeinde Hauenstein<\/td>\n<\/tr>\n<tr>\n<td>Lug<\/td>\n<td>Landkreis S&uuml;dwestpfalz<\/td>\n<td>Verbandsgemeinde Hauenstein<\/td>\n<\/tr>\n<tr>\n<td>Schwanheim<\/td>\n<td>Landkreis S&uuml;dwestpfalz<\/td>\n<td>Verbandsgemeinde Hauenstein<\/td>\n<\/tr>\n<tr>\n<td>Spirkelbach<\/td>\n<td>Landkreis S&uuml;dwestpfalz<\/td>\n<td>Verbandsgemeinde Hauenstein<\/td>\n<\/tr>\n<tr>\n<td>Wilgartswiesen<\/td>\n<td>Landkreis S&uuml;dwestpfalz<\/td>\n<td>Verbandsgemeinde Hauenstein<\/td>\n<\/tr>\n<tr>\n<td>Deidesheim<\/td>\n<td>Landkreis Bad D&uuml;rkheim<\/td>\n<td>Verbandsgemeinde Deidesheim<\/td>\n<\/tr>\n<tr>\n<td>Forst\/ Weinstra&szlig;e<\/td>\n<td>Landkreis Bad D&uuml;rkheim<\/td>\n<td>Verbandsgemeinde Deidesheim<\/td>\n<\/tr>\n<tr>\n<td>Meckenheim<\/td>\n<td>Landkreis Bad D&uuml;rkheim<\/td>\n<td>Verbandsgemeinde Deidesheim<\/td>\n<\/tr>\n<tr>\n<td>Niederkirchen bei Deidesheim<\/td>\n<td>Landkreis Bad D&uuml;rkheim<\/td>\n<td>Verbandsgemeinde Deidesheim<\/td>\n<\/tr>\n<tr>\n<td>Ruppertsberg<\/td>\n<td>Landkreis Bad D&uuml;rkheim<\/td>\n<td>Verbandsgemeinde Deidesheim<\/td>\n<\/tr>\n<tr>\n<td>Elmstein<\/td>\n<td>Landkreis Bad D&uuml;rkheim<\/td>\n<td>Verbandsgemeinde Lambrecht<\/td>\n<\/tr>\n<tr>\n<td>Esthal<\/td>\n<td>Landkreis Bad D&uuml;rkheim<\/td>\n<td>Verbandsgemeinde Lambrecht<\/td>\n<\/tr>\n<tr>\n<td>Frankeneck<\/td>\n<td>Landkreis Bad D&uuml;rkheim<\/td>\n<td>Verbandsgemeinde Lambrecht<\/td>\n<\/tr>\n<tr>\n<td>Lambrecht<\/td>\n<td>Landkreis Bad D&uuml;rkheim<\/td>\n<td>Verbandsgemeinde Lambrecht<\/td>\n<\/tr>\n<tr>\n<td>Meckenheim<\/td>\n<td>Landkreis Bad D&uuml;rkheim<\/td>\n<td>Verbandsgemeinde Lambrecht<\/td>\n<\/tr>\n<tr>\n<td>Lindenberg<\/td>\n<td>Landkreis Bad D&uuml;rkheim<\/td>\n<td>Verbandsgemeinde Lambrecht<\/td>\n<\/tr>\n<tr>\n<td>Neidenfels<\/td>\n<td>Landkreis Bad D&uuml;rkheim<\/td>\n<td>Verbandsgemeinde Lambrecht<\/td>\n<\/tr>\n<tr>\n<td>Weidenthal<\/td>\n<td>Landkreis Bad D&uuml;rkheim<\/td>\n<td>Verbandsgemeinde Lambrecht<\/td>\n<\/tr>\n<tr>\n<td>Dudenhofen<\/td>\n<td>Rhein-Pfalz-Kreis<\/td>\n<td>Verbandsgemeinde R&ouml;meberg-Dudenhofen<\/td>\n<\/tr>\n<tr>\n<td>Hanhofen<\/td>\n<td>Rhein-Pfalz-Kreis<\/td>\n<td>Verbandsgemeinde R&ouml;meberg-Dudenhofen<\/td>\n<\/tr>\n<tr>\n<td>Harthausen<\/td>\n<td>Rhein-Pfalz-Kreis<\/td>\n<td>Verbandsgemeinde R&ouml;meberg-Dudenhofen<\/td>\n<\/tr>\n<tr>\n<td>R&ouml;merberg<\/td>\n<td>Rhein-Pfalz-Kreis<\/td>\n<td>Verbandsgemeinde R&ouml;meberg-Dudenhofen<\/td>\n<\/tr>\n<\/tbody>\n<\/table>\n","protected":false},"excerpt":{"rendered":"<p class=\"excerpt\">Ort Landkreis Verbandsgemeinde Albersweiler Landkreis S\u00fcdliche Weinstra\u00dfe Verbandsgemeinde Annweiler am Trifels Annweiler am Trifels Landkreis S\u00fcdliche Weinstra\u00dfe Verbandsgemeinde Annweiler am Trifels Dernbach Landkreis S\u00fcdliche Weinstra\u00dfe \u2026 <span class=\"more\">mehr<\/span><\/p>\n","protected":false},"author":1,"featured_media":0,"parent":18,"menu_order":10,"comment_status":"closed","ping_status":"closed","template":"","meta":{"_acf_changed":false,"footnotes":"","_links_to":"","_links_to_target":""},"class_list":["post-1820","page","type-page","status-publish","hentry"],"acf":[],"yoast_head":"<!-- This site is optimized with the Yoast SEO plugin v27.3 - https:\/\/yoast.com\/product\/yoast-seo-wordpress\/ -->\n<title>Standorte - Eingliederungshilfeverbund Su\u0308dpfalz<\/title>\n<meta name=\"robots\" content=\"index, follow, max-snippet:-1, max-image-preview:large, max-video-preview:-1\" \/>\n<link rel=\"canonical\" href=\"https:\/\/www.eghv-suedpfalz.de\/angebotssuche\/standorte\/\" \/>\n<meta property=\"og:locale\" content=\"de_DE\" \/>\n<meta property=\"og:type\" content=\"article\" \/>\n<meta property=\"og:title\" content=\"Standorte - Eingliederungshilfeverbund Su\u0308dpfalz\" \/>\n<meta property=\"og:description\" content=\"Ort Landkreis Verbandsgemeinde Albersweiler Landkreis S\u00fcdliche Weinstra\u00dfe Verbandsgemeinde Annweiler am Trifels Annweiler am Trifels Landkreis S\u00fcdliche Weinstra\u00dfe Verbandsgemeinde Annweiler am Trifels Dernbach Landkreis S\u00fcdliche Weinstra\u00dfe \u2026 mehr\" \/>\n<meta property=\"og:url\" content=\"https:\/\/www.eghv-suedpfalz.de\/angebotssuche\/standorte\/\" \/>\n<meta property=\"og:site_name\" content=\"Eingliederungshilfeverbund Su\u0308dpfalz\" \/>\n<meta property=\"article:modified_time\" content=\"2018-04-18T11:27:52+00:00\" \/>\n<meta name=\"twitter:card\" content=\"summary_large_image\" \/>\n<meta name=\"twitter:label1\" content=\"Gesch\u00e4tzte Lesezeit\" \/>\n\t<meta name=\"twitter:data1\" content=\"6 minutes\" \/>\n<script type=\"application\/ld+json\" class=\"yoast-schema-graph\">{\"@context\":\"https:\\\/\\\/schema.org\",\"@graph\":[{\"@type\":\"WebPage\",\"@id\":\"https:\\\/\\\/www.eghv-suedpfalz.de\\\/angebotssuche\\\/standorte\\\/\",\"url\":\"https:\\\/\\\/www.eghv-suedpfalz.de\\\/angebotssuche\\\/standorte\\\/\",\"name\":\"Standorte - Eingliederungshilfeverbund Su\u0308dpfalz\",\"isPartOf\":{\"@id\":\"https:\\\/\\\/www.eghv-suedpfalz.de\\\/#website\"},\"datePublished\":\"2018-04-18T06:20:12+00:00\",\"dateModified\":\"2018-04-18T11:27:52+00:00\",\"breadcrumb\":{\"@id\":\"https:\\\/\\\/www.eghv-suedpfalz.de\\\/angebotssuche\\\/standorte\\\/#breadcrumb\"},\"inLanguage\":\"de-DE-formal\",\"potentialAction\":[{\"@type\":\"ReadAction\",\"target\":[\"https:\\\/\\\/www.eghv-suedpfalz.de\\\/angebotssuche\\\/standorte\\\/\"]}]},{\"@type\":\"BreadcrumbList\",\"@id\":\"https:\\\/\\\/www.eghv-suedpfalz.de\\\/angebotssuche\\\/standorte\\\/#breadcrumb\",\"itemListElement\":[{\"@type\":\"ListItem\",\"position\":1,\"name\":\"Startseite\",\"item\":\"https:\\\/\\\/www.eghv-suedpfalz.de\\\/\"},{\"@type\":\"ListItem\",\"position\":2,\"name\":\"Angebotssuche\",\"item\":\"https:\\\/\\\/www.eghv-suedpfalz.de\\\/angebotssuche\\\/\"},{\"@type\":\"ListItem\",\"position\":3,\"name\":\"Standorte\"}]},{\"@type\":\"WebSite\",\"@id\":\"https:\\\/\\\/www.eghv-suedpfalz.de\\\/#website\",\"url\":\"https:\\\/\\\/www.eghv-suedpfalz.de\\\/\",\"name\":\"Eingliederungshilfeverbund Su\u0308dpfalz\",\"description\":\"\",\"potentialAction\":[{\"@type\":\"SearchAction\",\"target\":{\"@type\":\"EntryPoint\",\"urlTemplate\":\"https:\\\/\\\/www.eghv-suedpfalz.de\\\/?s={search_term_string}\"},\"query-input\":{\"@type\":\"PropertyValueSpecification\",\"valueRequired\":true,\"valueName\":\"search_term_string\"}}],\"inLanguage\":\"de-DE-formal\"}]}<\/script>\n<!-- \/ Yoast SEO plugin. -->","yoast_head_json":{"title":"Standorte - Eingliederungshilfeverbund Su\u0308dpfalz","robots":{"index":"index","follow":"follow","max-snippet":"max-snippet:-1","max-image-preview":"max-image-preview:large","max-video-preview":"max-video-preview:-1"},"canonical":"https:\/\/www.eghv-suedpfalz.de\/angebotssuche\/standorte\/","og_locale":"de_DE","og_type":"article","og_title":"Standorte - Eingliederungshilfeverbund Su\u0308dpfalz","og_description":"Ort Landkreis Verbandsgemeinde Albersweiler Landkreis S\u00fcdliche Weinstra\u00dfe Verbandsgemeinde Annweiler am Trifels Annweiler am Trifels Landkreis S\u00fcdliche Weinstra\u00dfe Verbandsgemeinde Annweiler am Trifels Dernbach Landkreis S\u00fcdliche Weinstra\u00dfe \u2026 mehr","og_url":"https:\/\/www.eghv-suedpfalz.de\/angebotssuche\/standorte\/","og_site_name":"Eingliederungshilfeverbund Su\u0308dpfalz","article_modified_time":"2018-04-18T11:27:52+00:00","twitter_card":"summary_large_image","twitter_misc":{"Gesch\u00e4tzte Lesezeit":"6 minutes"},"schema":{"@context":"https:\/\/schema.org","@graph":[{"@type":"WebPage","@id":"https:\/\/www.eghv-suedpfalz.de\/angebotssuche\/standorte\/","url":"https:\/\/www.eghv-suedpfalz.de\/angebotssuche\/standorte\/","name":"Standorte - Eingliederungshilfeverbund Su\u0308dpfalz","isPartOf":{"@id":"https:\/\/www.eghv-suedpfalz.de\/#website"},"datePublished":"2018-04-18T06:20:12+00:00","dateModified":"2018-04-18T11:27:52+00:00","breadcrumb":{"@id":"https:\/\/www.eghv-suedpfalz.de\/angebotssuche\/standorte\/#breadcrumb"},"inLanguage":"de-DE-formal","potentialAction":[{"@type":"ReadAction","target":["https:\/\/www.eghv-suedpfalz.de\/angebotssuche\/standorte\/"]}]},{"@type":"BreadcrumbList","@id":"https:\/\/www.eghv-suedpfalz.de\/angebotssuche\/standorte\/#breadcrumb","itemListElement":[{"@type":"ListItem","position":1,"name":"Startseite","item":"https:\/\/www.eghv-suedpfalz.de\/"},{"@type":"ListItem","position":2,"name":"Angebotssuche","item":"https:\/\/www.eghv-suedpfalz.de\/angebotssuche\/"},{"@type":"ListItem","position":3,"name":"Standorte"}]},{"@type":"WebSite","@id":"https:\/\/www.eghv-suedpfalz.de\/#website","url":"https:\/\/www.eghv-suedpfalz.de\/","name":"Eingliederungshilfeverbund Su\u0308dpfalz","description":"","potentialAction":[{"@type":"SearchAction","target":{"@type":"EntryPoint","urlTemplate":"https:\/\/www.eghv-suedpfalz.de\/?s={search_term_string}"},"query-input":{"@type":"PropertyValueSpecification","valueRequired":true,"valueName":"search_term_string"}}],"inLanguage":"de-DE-formal"}]}},"_links":{"self":[{"href":"https:\/\/www.eghv-suedpfalz.de\/de-ld\/wp-json\/wp\/v2\/pages\/1820","targetHints":{"allow":["GET"]}}],"collection":[{"href":"https:\/\/www.eghv-suedpfalz.de\/de-ld\/wp-json\/wp\/v2\/pages"}],"about":[{"href":"https:\/\/www.eghv-suedpfalz.de\/de-ld\/wp-json\/wp\/v2\/types\/page"}],"author":[{"embeddable":true,"href":"https:\/\/www.eghv-suedpfalz.de\/de-ld\/wp-json\/wp\/v2\/users\/1"}],"replies":[{"embeddable":true,"href":"https:\/\/www.eghv-suedpfalz.de\/de-ld\/wp-json\/wp\/v2\/comments?post=1820"}],"version-history":[{"count":0,"href":"https:\/\/www.eghv-suedpfalz.de\/de-ld\/wp-json\/wp\/v2\/pages\/1820\/revisions"}],"up":[{"embeddable":true,"href":"https:\/\/www.eghv-suedpfalz.de\/de-ld\/wp-json\/wp\/v2\/pages\/18"}],"wp:attachment":[{"href":"https:\/\/www.eghv-suedpfalz.de\/de-ld\/wp-json\/wp\/v2\/media?parent=1820"}],"curies":[{"name":"wp","href":"https:\/\/api.w.org\/{rel}","templated":true}]}}